{"id":808,"date":"2024-10-25T14:10:20","date_gmt":"2024-10-25T17:10:20","guid":{"rendered":"https:\/\/gifukenjinkai.org.br\/20expo\/?page_id=808"},"modified":"2025-11-12T12:27:07","modified_gmt":"2025-11-12T15:27:07","slug":"waltercruz","status":"publish","type":"page","link":"https:\/\/gifukenjinkai.org.br\/21expo\/artist\/waltercruz\/","title":{"rendered":"WALTER CRUZ (\u30ef\u30a5\u30c6\u30eb\uff65\u30af\u30eb\u30fc\u30b9)"},"content":{"rendered":"\n<h2 class=\"wp-block-heading\">WALTER CRUZ<br>(\u30ef\u30a5\u30c6\u30eb\uff65\u30af\u30eb\u30fc\u30b9)<\/h2>\n\n\n\n<p class=\"has-text-align-right\" style=\"font-size:16px\"> <a href=\"https:\/\/www.instagram.com\/c_r_u_x_x_e_r\" target=\"_blank\" rel=\"noreferrer noopener\">c_r_u_x_x_e_r<\/a><\/p>\n\n\n\n<p>Natural de Imperatriz, Maranh\u00e3o, estudou Design na K\u00f6ln International School of Design, em K\u00f6ln, na Alemanha e Design Gr\u00e1fico na Escola Panamericana de Artes e Design, em S\u00e3o Paulo, SP. <br>Atua h\u00e1 mais de 10 anos como Produtor Gr\u00e1fico no Sesc S\u00e3o Paulo. <br>Com experimenta\u00e7\u00f5es em diversas vertentes art\u00edsticas, explora t\u00e9cnicas que v\u00e3o desde a manipula\u00e7\u00e3o gr\u00e1fica digital at\u00e9 o uso de materiais cl\u00e1ssicos como a tinta a \u00f3leo, aquarela e guache. <br>\u00c9 associado da Associa\u00e7\u00e3o Paulista de Belas Artes desde 2022, onde estuda desenho de modelo vivo.<\/p>\n\n\n\n<div style=\"height:64px\" aria-hidden=\"true\" class=\"wp-block-spacer\"><\/div>\n\n\n<ul class=\"wp-block-latest-posts__list is-grid columns-3 wp-block-latest-posts\"><li><div class=\"wp-block-latest-posts__featured-image\"><a href=\"https:\/\/gifukenjinkai.org.br\/21expo\/artist-mz\/waltercruz\/cabedelo\/\" aria-label=\"Cabedelo\"><img loading=\"lazy\" decoding=\"async\" width=\"150\" height=\"150\" src=\"https:\/\/gifukenjinkai.org.br\/wp_expo\/wp-content\/uploads\/expo2025_sq480_WalterCruz_1_Cabedelo-150x150.png\" class=\"attachment-thumbnail size-thumbnail wp-post-image\" alt=\"\" style=\"\" srcset=\"https:\/\/gifukenjinkai.org.br\/wp_expo\/wp-content\/uploads\/expo2025_sq480_WalterCruz_1_Cabedelo-150x150.png 150w, https:\/\/gifukenjinkai.org.br\/wp_expo\/wp-content\/uploads\/expo2025_sq480_WalterCruz_1_Cabedelo-300x300.png 300w, https:\/\/gifukenjinkai.org.br\/wp_expo\/wp-content\/uploads\/expo2025_sq480_WalterCruz_1_Cabedelo.png 480w\" sizes=\"auto, (max-width: 150px) 100vw, 150px\" \/><\/a><\/div><a class=\"wp-block-latest-posts__post-title\" href=\"https:\/\/gifukenjinkai.org.br\/21expo\/artist-mz\/waltercruz\/cabedelo\/\">Cabedelo<\/a><\/li>\n<\/ul>\n\n\n<p><\/p>\n\n\n\n<p><\/p>\n","protected":false},"excerpt":{"rendered":"<p>WALTER CRUZ(\u30ef\u30a5\u30c6\u30eb\uff65\u30af\u30eb\u30fc\u30b9) c_r_u_x_x_e_r Natural de Imperatriz, Maranh\u00e3o, estudou Design na K\u00f6ln International School of Design, em K\u00f6ln, na Alemanha e [&hellip;]<\/p>\n","protected":false},"author":3,"featured_media":0,"parent":76,"menu_order":0,"comment_status":"closed","ping_status":"closed","template":"","meta":{"_uag_custom_page_level_css":"","site-sidebar-layout":"default","site-content-layout":"","ast-site-content-layout":"default","site-content-style":"default","site-sidebar-style":"default","ast-global-header-display":"","ast-banner-title-visibility":"","ast-main-header-display":"","ast-hfb-above-header-display":"","ast-hfb-below-header-display":"","ast-hfb-mobile-header-display":"","site-post-title":"disabled","ast-breadcrumbs-content":"","ast-featured-img":"disabled","footer-sml-layout":"","ast-disable-related-posts":"","theme-transparent-header-meta":"","adv-header-id-meta":"","stick-header-meta":"","header-above-stick-meta":"","header-main-stick-meta":"","header-below-stick-meta":"","astra-migrate-meta-layouts":"default","ast-page-background-enabled":"default","ast-page-background-meta":{"desktop":{"background-color":"var(--ast-global-color-4)","background-image":"","background-repeat":"repeat","background-position":"center center","background-size":"auto","background-attachment":"scroll","background-type":"","background-media":"","overlay-type":"","overlay-color":"","overlay-opacity":"","overlay-gradient":""},"tablet":{"background-color":"","background-image":"","background-repeat":"repeat","background-position":"center center","background-size":"auto","background-attachment":"scroll","background-type":"","background-media":"","overlay-type":"","overlay-color":"","overlay-opacity":"","overlay-gradient":""},"mobile":{"background-color":"","background-image":"","background-repeat":"repeat","background-position":"center center","background-size":"auto","background-attachment":"scroll","background-type":"","background-media":"","overlay-type":"","overlay-color":"","overlay-opacity":"","overlay-gradient":""}},"ast-content-background-meta":{"desktop":{"background-color":"var(--ast-global-color-5)","background-image":"","background-repeat":"repeat","background-position":"center center","background-size":"auto","background-attachment":"scroll","background-type":"","background-media":"","overlay-type":"","overlay-color":"","overlay-opacity":"","overlay-gradient":""},"tablet":{"background-color":"var(--ast-global-color-5)","background-image":"","background-repeat":"repeat","background-position":"center center","background-size":"auto","background-attachment":"scroll","background-type":"","background-media":"","overlay-type":"","overlay-color":"","overlay-opacity":"","overlay-gradient":""},"mobile":{"background-color":"var(--ast-global-color-5)","background-image":"","background-repeat":"repeat","background-position":"center center","background-size":"auto","background-attachment":"scroll","background-type":"","background-media":"","overlay-type":"","overlay-color":"","overlay-opacity":"","overlay-gradient":""}},"footnotes":""},"class_list":["post-808","page","type-page","status-publish","hentry"],"uagb_featured_image_src":{"full":false,"thumbnail":false,"medium":false,"medium_large":false,"large":false,"1536x1536":false,"2048x2048":false},"uagb_author_info":{"display_name":"admin admin","author_link":"https:\/\/gifukenjinkai.org.br\/21expo\/author\/admin\/"},"uagb_comment_info":0,"uagb_excerpt":"WALTER CRUZ(\u30ef\u30a5\u30c6\u30eb\uff65\u30af\u30eb\u30fc\u30b9) c_r_u_x_x_e_r Natural de Imperatriz, Maranh\u00e3o, estudou Design na K\u00f6ln International School of Design, em K\u00f6ln, na Alemanha e [&hellip;]","_links":{"self":[{"href":"https:\/\/gifukenjinkai.org.br\/21expo\/wp-json\/wp\/v2\/pages\/808","targetHints":{"allow":["GET"]}}],"collection":[{"href":"https:\/\/gifukenjinkai.org.br\/21expo\/wp-json\/wp\/v2\/pages"}],"about":[{"href":"https:\/\/gifukenjinkai.org.br\/21expo\/wp-json\/wp\/v2\/types\/page"}],"author":[{"embeddable":true,"href":"https:\/\/gifukenjinkai.org.br\/21expo\/wp-json\/wp\/v2\/users\/3"}],"replies":[{"embeddable":true,"href":"https:\/\/gifukenjinkai.org.br\/21expo\/wp-json\/wp\/v2\/comments?post=808"}],"version-history":[{"count":4,"href":"https:\/\/gifukenjinkai.org.br\/21expo\/wp-json\/wp\/v2\/pages\/808\/revisions"}],"predecessor-version":[{"id":2585,"href":"https:\/\/gifukenjinkai.org.br\/21expo\/wp-json\/wp\/v2\/pages\/808\/revisions\/2585"}],"up":[{"embeddable":true,"href":"https:\/\/gifukenjinkai.org.br\/21expo\/wp-json\/wp\/v2\/pages\/76"}],"wp:attachment":[{"href":"https:\/\/gifukenjinkai.org.br\/21expo\/wp-json\/wp\/v2\/media?parent=808"}],"curies":[{"name":"wp","href":"https:\/\/api.w.org\/{rel}","templated":true}]}}