{"id":714,"date":"2025-11-09T11:56:18","date_gmt":"2025-11-09T14:56:18","guid":{"rendered":"https:\/\/gifukenjinkai.org.br\/20expo\/?page_id=714"},"modified":"2025-11-11T09:58:57","modified_gmt":"2025-11-11T12:58:57","slug":"cintiaka","status":"publish","type":"page","link":"https:\/\/gifukenjinkai.org.br\/21expo\/artist\/cintiaka\/","title":{"rendered":"CINTIA KA (\u30b7\u30f3\u30c1\u30a2\uff65\u30ab)"},"content":{"rendered":"\n<h2 class=\"wp-block-heading\">CINTIA KA<br>(\u30b7\u30f3\u30c1\u30a2\uff65\u30ab)<\/h2>\n\n\n\n<p class=\"has-text-align-right\" style=\"font-size:16px\"> <a href=\"https:\/\/www.instagram.com\/cintia_ka\" data-type=\"link\" data-id=\"https:\/\/www.instagram.com\/anatrevisanart\" target=\"_blank\" rel=\"noreferrer noopener\">cintia_ka<\/a><\/p>\n\n\n\n<p>Sou Cintia Ka, descendente de japoneses, dentista e advogada.<br>Em 2015, fiz curso de p\u00f3s-gradua\u00e7\u00e3o em Hist\u00f3ria das Artes da Faculdade Belas Artes- SP. <br>Realizei cursos livres em pintura contempor\u00e2nea, processo criativo e est\u00e9tica japonesa. <br>Desde 2012 trabalho com tinta acr\u00edlica, construindo composi\u00e7\u00f5es por meio de pontilhados e linhas que criam relevos po\u00e9ticos e esculturais na superf\u00edcie da tela. <br>Em 2018, participei da 12\u00b0 Grande Exposi\u00e7\u00e3o de Arte Bunkyo com a obra Himeji-Jo e recebi a men\u00e7\u00e3o honrosa. <br>Minha arte tem inspira\u00e7\u00f5es nas mem\u00f3rias de inf\u00e2ncia &#8211; bordado, croch\u00ea e mosaico &#8211; onde uso a tinta como linha, bordando e costurando obras que entrela\u00e7am com a minha origem nipo-brasileira.<\/p>\n\n\n\n<div style=\"height:64px\" aria-hidden=\"true\" class=\"wp-block-spacer\"><\/div>\n\n\n<ul class=\"wp-block-latest-posts__list is-grid columns-3 wp-block-latest-posts\"><li><div class=\"wp-block-latest-posts__featured-image\"><a href=\"https:\/\/gifukenjinkai.org.br\/21expo\/artist-al\/cintiaka\/kintsugi2\/\" aria-label=\"KINTSUGI II\"><img loading=\"lazy\" decoding=\"async\" width=\"150\" height=\"150\" src=\"https:\/\/gifukenjinkai.org.br\/wp_expo\/wp-content\/uploads\/expo2025_sq480_CintiaKa_2_Kintsugi2-150x150.png\" class=\"attachment-thumbnail size-thumbnail wp-post-image\" alt=\"\" style=\"\" srcset=\"https:\/\/gifukenjinkai.org.br\/wp_expo\/wp-content\/uploads\/expo2025_sq480_CintiaKa_2_Kintsugi2-150x150.png 150w, https:\/\/gifukenjinkai.org.br\/wp_expo\/wp-content\/uploads\/expo2025_sq480_CintiaKa_2_Kintsugi2-300x300.png 300w, https:\/\/gifukenjinkai.org.br\/wp_expo\/wp-content\/uploads\/expo2025_sq480_CintiaKa_2_Kintsugi2.png 480w\" sizes=\"auto, (max-width: 150px) 100vw, 150px\" \/><\/a><\/div><a class=\"wp-block-latest-posts__post-title\" href=\"https:\/\/gifukenjinkai.org.br\/21expo\/artist-al\/cintiaka\/kintsugi2\/\">KINTSUGI II<\/a><\/li>\n<li><div class=\"wp-block-latest-posts__featured-image\"><a href=\"https:\/\/gifukenjinkai.org.br\/21expo\/artist-al\/cintiaka\/artekintsugi\/\" aria-label=\"Arte Kintsugi\"><img loading=\"lazy\" decoding=\"async\" width=\"150\" height=\"150\" src=\"https:\/\/gifukenjinkai.org.br\/wp_expo\/wp-content\/uploads\/expo2025_sq480_CintiaKa_1_ArteKintsugi-150x150.png\" class=\"attachment-thumbnail size-thumbnail wp-post-image\" alt=\"\" style=\"\" srcset=\"https:\/\/gifukenjinkai.org.br\/wp_expo\/wp-content\/uploads\/expo2025_sq480_CintiaKa_1_ArteKintsugi-150x150.png 150w, https:\/\/gifukenjinkai.org.br\/wp_expo\/wp-content\/uploads\/expo2025_sq480_CintiaKa_1_ArteKintsugi-300x300.png 300w, https:\/\/gifukenjinkai.org.br\/wp_expo\/wp-content\/uploads\/expo2025_sq480_CintiaKa_1_ArteKintsugi.png 480w\" sizes=\"auto, (max-width: 150px) 100vw, 150px\" \/><\/a><\/div><a class=\"wp-block-latest-posts__post-title\" href=\"https:\/\/gifukenjinkai.org.br\/21expo\/artist-al\/cintiaka\/artekintsugi\/\">Arte Kintsugi<\/a><\/li>\n<\/ul>\n\n\n<p><\/p>\n","protected":false},"excerpt":{"rendered":"<p>CINTIA KA(\u30b7\u30f3\u30c1\u30a2\uff65\u30ab) cintia_ka Sou Cintia Ka, descendente de japoneses, dentista e advogada.Em 2015, fiz curso de p\u00f3s-gradua\u00e7\u00e3o em Hist\u00f3ria das [&hellip;]<\/p>\n","protected":false},"author":3,"featured_media":0,"parent":76,"menu_order":0,"comment_status":"closed","ping_status":"closed","template":"","meta":{"_uag_custom_page_level_css":"","site-sidebar-layout":"default","site-content-layout":"","ast-site-content-layout":"default","site-content-style":"default","site-sidebar-style":"default","ast-global-header-display":"","ast-banner-title-visibility":"","ast-main-header-display":"","ast-hfb-above-header-display":"","ast-hfb-below-header-display":"","ast-hfb-mobile-header-display":"","site-post-title":"disabled","ast-breadcrumbs-content":"","ast-featured-img":"","footer-sml-layout":"","ast-disable-related-posts":"","theme-transparent-header-meta":"","adv-header-id-meta":"","stick-header-meta":"","header-above-stick-meta":"","header-main-stick-meta":"","header-below-stick-meta":"","astra-migrate-meta-layouts":"default","ast-page-background-enabled":"default","ast-page-background-meta":{"desktop":{"background-color":"var(--ast-global-color-4)","background-image":"","background-repeat":"repeat","background-position":"center center","background-size":"auto","background-attachment":"scroll","background-type":"","background-media":"","overlay-type":"","overlay-color":"","overlay-opacity":"","overlay-gradient":""},"tablet":{"background-color":"","background-image":"","background-repeat":"repeat","background-position":"center center","background-size":"auto","background-attachment":"scroll","background-type":"","background-media":"","overlay-type":"","overlay-color":"","overlay-opacity":"","overlay-gradient":""},"mobile":{"background-color":"","background-image":"","background-repeat":"repeat","background-position":"center center","background-size":"auto","background-attachment":"scroll","background-type":"","background-media":"","overlay-type":"","overlay-color":"","overlay-opacity":"","overlay-gradient":""}},"ast-content-background-meta":{"desktop":{"background-color":"var(--ast-global-color-5)","background-image":"","background-repeat":"repeat","background-position":"center center","background-size":"auto","background-attachment":"scroll","background-type":"","background-media":"","overlay-type":"","overlay-color":"","overlay-opacity":"","overlay-gradient":""},"tablet":{"background-color":"var(--ast-global-color-5)","background-image":"","background-repeat":"repeat","background-position":"center center","background-size":"auto","background-attachment":"scroll","background-type":"","background-media":"","overlay-type":"","overlay-color":"","overlay-opacity":"","overlay-gradient":""},"mobile":{"background-color":"var(--ast-global-color-5)","background-image":"","background-repeat":"repeat","background-position":"center center","background-size":"auto","background-attachment":"scroll","background-type":"","background-media":"","overlay-type":"","overlay-color":"","overlay-opacity":"","overlay-gradient":""}},"footnotes":""},"class_list":["post-714","page","type-page","status-publish","hentry"],"uagb_featured_image_src":{"full":false,"thumbnail":false,"medium":false,"medium_large":false,"large":false,"1536x1536":false,"2048x2048":false},"uagb_author_info":{"display_name":"admin admin","author_link":"https:\/\/gifukenjinkai.org.br\/21expo\/author\/admin\/"},"uagb_comment_info":0,"uagb_excerpt":"CINTIA KA(\u30b7\u30f3\u30c1\u30a2\uff65\u30ab) cintia_ka Sou Cintia Ka, descendente de japoneses, dentista e advogada.Em 2015, fiz curso de p\u00f3s-gradua\u00e7\u00e3o em Hist\u00f3ria das [&hellip;]","_links":{"self":[{"href":"https:\/\/gifukenjinkai.org.br\/21expo\/wp-json\/wp\/v2\/pages\/714","targetHints":{"allow":["GET"]}}],"collection":[{"href":"https:\/\/gifukenjinkai.org.br\/21expo\/wp-json\/wp\/v2\/pages"}],"about":[{"href":"https:\/\/gifukenjinkai.org.br\/21expo\/wp-json\/wp\/v2\/types\/page"}],"author":[{"embeddable":true,"href":"https:\/\/gifukenjinkai.org.br\/21expo\/wp-json\/wp\/v2\/users\/3"}],"replies":[{"embeddable":true,"href":"https:\/\/gifukenjinkai.org.br\/21expo\/wp-json\/wp\/v2\/comments?post=714"}],"version-history":[{"count":6,"href":"https:\/\/gifukenjinkai.org.br\/21expo\/wp-json\/wp\/v2\/pages\/714\/revisions"}],"predecessor-version":[{"id":2488,"href":"https:\/\/gifukenjinkai.org.br\/21expo\/wp-json\/wp\/v2\/pages\/714\/revisions\/2488"}],"up":[{"embeddable":true,"href":"https:\/\/gifukenjinkai.org.br\/21expo\/wp-json\/wp\/v2\/pages\/76"}],"wp:attachment":[{"href":"https:\/\/gifukenjinkai.org.br\/21expo\/wp-json\/wp\/v2\/media?parent=714"}],"curies":[{"name":"wp","href":"https:\/\/api.w.org\/{rel}","templated":true}]}}