{"id":593,"date":"2025-11-09T12:25:45","date_gmt":"2025-11-09T15:25:45","guid":{"rendered":"https:\/\/gifukenjinkai.org.br\/20expo\/?page_id=593"},"modified":"2025-11-11T11:33:23","modified_gmt":"2025-11-11T14:33:23","slug":"elzaoda","status":"publish","type":"page","link":"https:\/\/gifukenjinkai.org.br\/21expo\/artist\/elzaoda\/","title":{"rendered":"ELZA ODA (\u5c0f\u7530 \u30a8\u30eb\u30b6)"},"content":{"rendered":"\n<h2 class=\"wp-block-heading\">ELZA ODA<br>(\u5c0f\u7530 \u30a8\u30eb\u30b6)<\/h2>\n\n\n\n<p>Elza Sumie Kakihara Oda nasceu em Presidente Prudente, S\u00e3o Paulo, onde estudou at\u00e9 o ensino m\u00e9dio. A partir de 1960, mudou-se para S\u00e3o Paulo, onde concluiu os cursos superiores de Desenho e Pl\u00e1stica, Educa\u00e7\u00e3o Art\u00edstica e Pedagogia. \u00c9 especializada em desenho geral, pedag\u00f3gico e em Hist\u00f3ria da Arte.<br>Lecionou Artes Pl\u00e1sticas, Desenho Geom\u00e9trico, Geometria Descritiva e Perspectiva.<br>Foi desenhista da Se\u00e7\u00e3o de Recursos Audiovisuais do Servi\u00e7o de Apoio T\u00e9cnico do Departamento de Recursos Humanos da Secretaria de Estado da Educa\u00e7\u00e3o.<br>Em 1997, aposentou-se como Diretora de Escola e, adotando o nome art\u00edstico Elza Oda, passou a participar de exposi\u00e7\u00f5es no Brasil e no exterior, concentrando suas atividades em seu ateli\u00ea no Bairro da Liberdade, onde deu aulas de pintura durante algum tempo.<br>Durante quase duas d\u00e9cadas, participou como volunt\u00e1ria na Sociedade Brasileira de Cultura Japonesa e de Assist\u00eancia Social, tendo exercido, entre outras fun\u00e7\u00f5es, o cargo de Presidente da Subcomiss\u00e3o de Arte Figurativa, Presidente da Comiss\u00e3o de Artes Pl\u00e1sticas e Presidente da Comiss\u00e3o Organizadora da Grande Exposi\u00e7\u00e3o de Arte Bunkyo.<br>Recebeu in\u00fameras premia\u00e7\u00f5es, dentre elas o Grande Pr\u00eamio de Ouro do Grande Sal\u00e3o de Pintura Figurativa Bunkyo em 2002.<br>Possui obras no Acervo da Assembleia Legislativa do Estado de S\u00e3o Paulo \u2013 SP, no Museu de Arte Nipo-Brasileiro \u2013 SP, no Hiroshima Prefectural Government \u2013 Hiroshima, Jap\u00e3o, e em acervos particulares no Brasil e no exterior.<br>Desde 2000, \u00e9 membro da ABA &#8211; Associa\u00e7\u00e3o Brasileira de Aquarela e da Arte sobre Papel.<br>Atualmente, dedica-se predominantemente \u00e0 aquarela e \u00e0 pintura de retratos com v\u00e1rios materiais.<\/p>\n\n\n\n<div style=\"height:64px\" aria-hidden=\"true\" class=\"wp-block-spacer\"><\/div>\n\n\n\n<div class=\"wp-block-query is-layout-flow wp-block-query-is-layout-flow\"><\/div>\n\n\n<ul style=\"padding-top:0;padding-bottom:0;\" class=\"wp-block-latest-posts__list is-grid columns-3 wp-block-latest-posts\"><li><div class=\"wp-block-latest-posts__featured-image\"><a href=\"https:\/\/gifukenjinkai.org.br\/21expo\/artist-al\/elzaoda\/sabordainfancia\/\" aria-label=\"Sabor da Inf\u00e2ncia\"><img loading=\"lazy\" decoding=\"async\" width=\"150\" height=\"150\" src=\"https:\/\/gifukenjinkai.org.br\/wp_expo\/wp-content\/uploads\/expo2025_sq480_ElzaOda_1_SaborDaInfancia-150x150.png\" class=\"attachment-thumbnail size-thumbnail wp-post-image\" alt=\"\" style=\"\" srcset=\"https:\/\/gifukenjinkai.org.br\/wp_expo\/wp-content\/uploads\/expo2025_sq480_ElzaOda_1_SaborDaInfancia-150x150.png 150w, https:\/\/gifukenjinkai.org.br\/wp_expo\/wp-content\/uploads\/expo2025_sq480_ElzaOda_1_SaborDaInfancia-300x300.png 300w, https:\/\/gifukenjinkai.org.br\/wp_expo\/wp-content\/uploads\/expo2025_sq480_ElzaOda_1_SaborDaInfancia.png 480w\" sizes=\"auto, (max-width: 150px) 100vw, 150px\" \/><\/a><\/div><a class=\"wp-block-latest-posts__post-title\" href=\"https:\/\/gifukenjinkai.org.br\/21expo\/artist-al\/elzaoda\/sabordainfancia\/\">Sabor da Inf\u00e2ncia<\/a><\/li>\n<\/ul>\n\n\n<p><\/p>\n","protected":false},"excerpt":{"rendered":"<p>ELZA ODA(\u5c0f\u7530 \u30a8\u30eb\u30b6) Elza Sumie Kakihara Oda nasceu em Presidente Prudente, S\u00e3o Paulo, onde estudou at\u00e9 o ensino m\u00e9dio. A [&hellip;]<\/p>\n","protected":false},"author":3,"featured_media":0,"parent":76,"menu_order":0,"comment_status":"closed","ping_status":"closed","template":"","meta":{"_uag_custom_page_level_css":"","site-sidebar-layout":"default","site-content-layout":"","ast-site-content-layout":"default","site-content-style":"default","site-sidebar-style":"default","ast-global-header-display":"","ast-banner-title-visibility":"","ast-main-header-display":"","ast-hfb-above-header-display":"","ast-hfb-below-header-display":"","ast-hfb-mobile-header-display":"","site-post-title":"disabled","ast-breadcrumbs-content":"","ast-featured-img":"disabled","footer-sml-layout":"","ast-disable-related-posts":"","theme-transparent-header-meta":"","adv-header-id-meta":"","stick-header-meta":"","header-above-stick-meta":"","header-main-stick-meta":"","header-below-stick-meta":"","astra-migrate-meta-layouts":"default","ast-page-background-enabled":"default","ast-page-background-meta":{"desktop":{"background-color":"var(--ast-global-color-4)","background-image":"","background-repeat":"repeat","background-position":"center center","background-size":"auto","background-attachment":"scroll","background-type":"","background-media":"","overlay-type":"","overlay-color":"","overlay-opacity":"","overlay-gradient":""},"tablet":{"background-color":"","background-image":"","background-repeat":"repeat","background-position":"center center","background-size":"auto","background-attachment":"scroll","background-type":"","background-media":"","overlay-type":"","overlay-color":"","overlay-opacity":"","overlay-gradient":""},"mobile":{"background-color":"","background-image":"","background-repeat":"repeat","background-position":"center center","background-size":"auto","background-attachment":"scroll","background-type":"","background-media":"","overlay-type":"","overlay-color":"","overlay-opacity":"","overlay-gradient":""}},"ast-content-background-meta":{"desktop":{"background-color":"var(--ast-global-color-5)","background-image":"","background-repeat":"repeat","background-position":"center center","background-size":"auto","background-attachment":"scroll","background-type":"","background-media":"","overlay-type":"","overlay-color":"","overlay-opacity":"","overlay-gradient":""},"tablet":{"background-color":"var(--ast-global-color-5)","background-image":"","background-repeat":"repeat","background-position":"center center","background-size":"auto","background-attachment":"scroll","background-type":"","background-media":"","overlay-type":"","overlay-color":"","overlay-opacity":"","overlay-gradient":""},"mobile":{"background-color":"var(--ast-global-color-5)","background-image":"","background-repeat":"repeat","background-position":"center center","background-size":"auto","background-attachment":"scroll","background-type":"","background-media":"","overlay-type":"","overlay-color":"","overlay-opacity":"","overlay-gradient":""}},"footnotes":""},"class_list":["post-593","page","type-page","status-publish","hentry"],"uagb_featured_image_src":{"full":false,"thumbnail":false,"medium":false,"medium_large":false,"large":false,"1536x1536":false,"2048x2048":false},"uagb_author_info":{"display_name":"admin admin","author_link":"https:\/\/gifukenjinkai.org.br\/21expo\/author\/admin\/"},"uagb_comment_info":0,"uagb_excerpt":"ELZA ODA(\u5c0f\u7530 \u30a8\u30eb\u30b6) Elza Sumie Kakihara Oda nasceu em Presidente Prudente, S\u00e3o Paulo, onde estudou at\u00e9 o ensino m\u00e9dio. A [&hellip;]","_links":{"self":[{"href":"https:\/\/gifukenjinkai.org.br\/21expo\/wp-json\/wp\/v2\/pages\/593","targetHints":{"allow":["GET"]}}],"collection":[{"href":"https:\/\/gifukenjinkai.org.br\/21expo\/wp-json\/wp\/v2\/pages"}],"about":[{"href":"https:\/\/gifukenjinkai.org.br\/21expo\/wp-json\/wp\/v2\/types\/page"}],"author":[{"embeddable":true,"href":"https:\/\/gifukenjinkai.org.br\/21expo\/wp-json\/wp\/v2\/users\/3"}],"replies":[{"embeddable":true,"href":"https:\/\/gifukenjinkai.org.br\/21expo\/wp-json\/wp\/v2\/comments?post=593"}],"version-history":[{"count":7,"href":"https:\/\/gifukenjinkai.org.br\/21expo\/wp-json\/wp\/v2\/pages\/593\/revisions"}],"predecessor-version":[{"id":2527,"href":"https:\/\/gifukenjinkai.org.br\/21expo\/wp-json\/wp\/v2\/pages\/593\/revisions\/2527"}],"up":[{"embeddable":true,"href":"https:\/\/gifukenjinkai.org.br\/21expo\/wp-json\/wp\/v2\/pages\/76"}],"wp:attachment":[{"href":"https:\/\/gifukenjinkai.org.br\/21expo\/wp-json\/wp\/v2\/media?parent=593"}],"curies":[{"name":"wp","href":"https:\/\/api.w.org\/{rel}","templated":true}]}}