{"id":2132,"date":"2025-11-09T13:10:35","date_gmt":"2025-11-09T16:10:35","guid":{"rendered":"https:\/\/gifukenjinkai.org.br\/21expo\/?page_id=2132"},"modified":"2025-11-12T12:17:51","modified_gmt":"2025-11-12T15:17:51","slug":"tadeubandoni","status":"publish","type":"page","link":"https:\/\/gifukenjinkai.org.br\/21expo\/artist\/tadeubandoni\/","title":{"rendered":"TADEU BANDONI (\u30bf\u30c7\u30a6\uff65\u30d0\u30f3\u30c9\u30cb)"},"content":{"rendered":"\n<h2 class=\"wp-block-heading\">TADEU BANDONI<br>(\u30bf\u30c7\u30a6\uff65\u30d0\u30f3\u30c9\u30cb)<\/h2>\n\n\n\n<p class=\"has-text-align-right\" style=\"font-size:16px\"> <a href=\"https:\/\/www.instagram.com\/insttadeu\" data-type=\"link\" data-id=\"https:\/\/www.instagram.com\/anatrevisanart\" target=\"_blank\" rel=\"noreferrer noopener\">insttadeu<\/a><br> artetadeu@gmail.com<br> +55 (11) 9-7118-8880<\/p>\n\n\n\n<p>Trajet\u00f3ria<br>Experimentador e ecl\u00e9tico, este artista ocupou-se ao longo de sua vida em criar e produzir sua arte cotidianamente por necessidade vital, emocional e espiritual. Do figurativo ao abstrato, como um espectro de express\u00f5es art\u00edsticas se permitiu a fazer ensaios e estudos em diferentes estilos, principalmente sobre suportes bidimensionais.<br>Fazendo da arte como sua linguagem natural e dedicando-se a busca de autoconhecimento, de certa forma o fez fechar os olhos para o mercado da arte e sua publicidade. Consciente de que o artista e sua arte se tornam improf\u00edcua sem observador e apreciador, passou a fazer retratos em espa\u00e7os p\u00fablicos e eventos e participou de algumas exposi\u00e7\u00f5es coletivas e individuais.<br><br>Linha do tempo<br>1962 \u2013 nascimento<br>1975 \u2013 ganha um kit de pintura a \u00f3leo e come\u00e7a a pintar telas<br>1984 \u2013 participa da exposi\u00e7\u00e3o denominada \u201cPor entre as formas\u201d no Museu Dimitri Sansoud Lavaud na cidade de Osasco, S\u00e3o Paulo. Segue a descri\u00e7\u00e3o das obras de Tadeu que se encontra no convite: \u201cSeus quadros projetam as impress\u00f5es prim\u00e1rias de sua atmosfera ambiental. A transpar\u00eancia colorida por ele dada, \u00e9 um presente aos pigmentos que em gozo, se fundem, criando detalhes entre uma forma e outra.\u201d<br>1987 \u2013 inicia a fazer retratos por encomenda.<br>1988 \u2013 exposi\u00e7\u00e3o individual denominada \u201cImagens V\u00e3s\u201d, no espa\u00e7o cultural Jorge Batista em Osasco.<br>1992 \u2013 exposi\u00e7\u00e3o individual no Bar da Ordem dos Economistas \u2013 em S\u00e3o Paulo.<br>1995 \u2013 passa a expor aos domingos na Feira de artes da cidade de Embu das Artes<br>2000 \u2013 exposi\u00e7\u00e3o de caricaturas e poesias \u2013 Jikkenti &#8211; Jaguari\u00fana<br>2010 \u2013 exposi\u00e7\u00e3o individual no Afpesp Guaruj\u00e1<br>2011 \u2013 se torna membro da Academia de Artes, Ci\u00eancias e Letras da Afpesp, cadeira n. 18.<br>2022 \u2013 exposi\u00e7\u00e3o coletiva \u2013 Banco do Uruguai \u2013 S\u00e3o Paulo<br>2024 \u2013 20\u00b0 Exposi\u00e7\u00e3o de Interc\u00e2mbio Nipo-brasileiro 2024<br>2025 \u2013 Exposi\u00e7\u00e3o de Modelo Vivo Associa\u00e7\u00e3o Paulista de Belas Artes<br><br>Al\u00e9m dessas exposi\u00e7\u00f5es existem outras n\u00e3o mencionadas, assim como participa\u00e7\u00f5es em eventos, viv\u00eancias, encomendas, sua atua\u00e7\u00e3o como professor de arte em escolas publicas, cursos de desenho e pintura.<\/p>\n\n\n\n<div style=\"height:64px\" aria-hidden=\"true\" class=\"wp-block-spacer\"><\/div>\n\n\n<ul class=\"wp-block-latest-posts__list is-grid columns-3 wp-block-latest-posts\"><li><div class=\"wp-block-latest-posts__featured-image\"><a href=\"https:\/\/gifukenjinkai.org.br\/21expo\/artist-mz\/tadeubandoni\/espera\/\" aria-label=\"Espera\"><img loading=\"lazy\" decoding=\"async\" width=\"150\" height=\"150\" src=\"https:\/\/gifukenjinkai.org.br\/wp_expo\/wp-content\/uploads\/expo2025_sq480_TadeuBandoni_1_Espera-150x150.png\" class=\"attachment-thumbnail size-thumbnail wp-post-image\" alt=\"\" style=\"\" srcset=\"https:\/\/gifukenjinkai.org.br\/wp_expo\/wp-content\/uploads\/expo2025_sq480_TadeuBandoni_1_Espera-150x150.png 150w, https:\/\/gifukenjinkai.org.br\/wp_expo\/wp-content\/uploads\/expo2025_sq480_TadeuBandoni_1_Espera-300x300.png 300w, https:\/\/gifukenjinkai.org.br\/wp_expo\/wp-content\/uploads\/expo2025_sq480_TadeuBandoni_1_Espera.png 480w\" sizes=\"auto, (max-width: 150px) 100vw, 150px\" \/><\/a><\/div><a class=\"wp-block-latest-posts__post-title\" href=\"https:\/\/gifukenjinkai.org.br\/21expo\/artist-mz\/tadeubandoni\/espera\/\">Espera<\/a><\/li>\n<li><div class=\"wp-block-latest-posts__featured-image\"><a href=\"https:\/\/gifukenjinkai.org.br\/21expo\/artist-mz\/tadeubandoni\/pseudonimo\/\" aria-label=\"Pseud\u00f4nimo\"><img loading=\"lazy\" decoding=\"async\" width=\"150\" height=\"150\" src=\"https:\/\/gifukenjinkai.org.br\/wp_expo\/wp-content\/uploads\/expo2025_sq480_TadeuBandoni_2_Pseudonimo-150x150.png\" class=\"attachment-thumbnail size-thumbnail wp-post-image\" alt=\"\" style=\"\" srcset=\"https:\/\/gifukenjinkai.org.br\/wp_expo\/wp-content\/uploads\/expo2025_sq480_TadeuBandoni_2_Pseudonimo-150x150.png 150w, https:\/\/gifukenjinkai.org.br\/wp_expo\/wp-content\/uploads\/expo2025_sq480_TadeuBandoni_2_Pseudonimo-300x300.png 300w, https:\/\/gifukenjinkai.org.br\/wp_expo\/wp-content\/uploads\/expo2025_sq480_TadeuBandoni_2_Pseudonimo.png 480w\" sizes=\"auto, (max-width: 150px) 100vw, 150px\" \/><\/a><\/div><a class=\"wp-block-latest-posts__post-title\" href=\"https:\/\/gifukenjinkai.org.br\/21expo\/artist-mz\/tadeubandoni\/pseudonimo\/\">Pseud\u00f4nimo<\/a><\/li>\n<\/ul>\n\n\n<p><\/p>\n","protected":false},"excerpt":{"rendered":"<p>TADEU BANDONI(\u30bf\u30c7\u30a6\uff65\u30d0\u30f3\u30c9\u30cb) insttadeu artetadeu@gmail.com +55 (11) 9-7118-8880 Trajet\u00f3riaExperimentador e ecl\u00e9tico, este artista ocupou-se ao longo de sua vida em criar [&hellip;]<\/p>\n","protected":false},"author":5,"featured_media":0,"parent":76,"menu_order":0,"comment_status":"closed","ping_status":"closed","template":"","meta":{"_uag_custom_page_level_css":"","site-sidebar-layout":"default","site-content-layout":"","ast-site-content-layout":"default","site-content-style":"default","site-sidebar-style":"default","ast-global-header-display":"","ast-banner-title-visibility":"","ast-main-header-display":"","ast-hfb-above-header-display":"","ast-hfb-below-header-display":"","ast-hfb-mobile-header-display":"","site-post-title":"disabled","ast-breadcrumbs-content":"","ast-featured-img":"","footer-sml-layout":"","ast-disable-related-posts":"","theme-transparent-header-meta":"","adv-header-id-meta":"","stick-header-meta":"","header-above-stick-meta":"","header-main-stick-meta":"","header-below-stick-meta":"","astra-migrate-meta-layouts":"default","ast-page-background-enabled":"default","ast-page-background-meta":{"desktop":{"background-color":"var(--ast-global-color-4)","background-image":"","background-repeat":"repeat","background-position":"center center","background-size":"auto","background-attachment":"scroll","background-type":"","background-media":"","overlay-type":"","overlay-color":"","overlay-opacity":"","overlay-gradient":""},"tablet":{"background-color":"","background-image":"","background-repeat":"repeat","background-position":"center center","background-size":"auto","background-attachment":"scroll","background-type":"","background-media":"","overlay-type":"","overlay-color":"","overlay-opacity":"","overlay-gradient":""},"mobile":{"background-color":"","background-image":"","background-repeat":"repeat","background-position":"center center","background-size":"auto","background-attachment":"scroll","background-type":"","background-media":"","overlay-type":"","overlay-color":"","overlay-opacity":"","overlay-gradient":""}},"ast-content-background-meta":{"desktop":{"background-color":"var(--ast-global-color-5)","background-image":"","background-repeat":"repeat","background-position":"center center","background-size":"auto","background-attachment":"scroll","background-type":"","background-media":"","overlay-type":"","overlay-color":"","overlay-opacity":"","overlay-gradient":""},"tablet":{"background-color":"var(--ast-global-color-5)","background-image":"","background-repeat":"repeat","background-position":"center center","background-size":"auto","background-attachment":"scroll","background-type":"","background-media":"","overlay-type":"","overlay-color":"","overlay-opacity":"","overlay-gradient":""},"mobile":{"background-color":"var(--ast-global-color-5)","background-image":"","background-repeat":"repeat","background-position":"center center","background-size":"auto","background-attachment":"scroll","background-type":"","background-media":"","overlay-type":"","overlay-color":"","overlay-opacity":"","overlay-gradient":""}},"footnotes":""},"class_list":["post-2132","page","type-page","status-publish","hentry"],"uagb_featured_image_src":{"full":false,"thumbnail":false,"medium":false,"medium_large":false,"large":false,"1536x1536":false,"2048x2048":false},"uagb_author_info":{"display_name":"mty","author_link":"https:\/\/gifukenjinkai.org.br\/21expo\/author\/mty\/"},"uagb_comment_info":0,"uagb_excerpt":"TADEU BANDONI(\u30bf\u30c7\u30a6\uff65\u30d0\u30f3\u30c9\u30cb) insttadeu artetadeu@gmail.com +55 (11) 9-7118-8880 Trajet\u00f3riaExperimentador e ecl\u00e9tico, este artista ocupou-se ao longo de sua vida em criar [&hellip;]","_links":{"self":[{"href":"https:\/\/gifukenjinkai.org.br\/21expo\/wp-json\/wp\/v2\/pages\/2132","targetHints":{"allow":["GET"]}}],"collection":[{"href":"https:\/\/gifukenjinkai.org.br\/21expo\/wp-json\/wp\/v2\/pages"}],"about":[{"href":"https:\/\/gifukenjinkai.org.br\/21expo\/wp-json\/wp\/v2\/types\/page"}],"author":[{"embeddable":true,"href":"https:\/\/gifukenjinkai.org.br\/21expo\/wp-json\/wp\/v2\/users\/5"}],"replies":[{"embeddable":true,"href":"https:\/\/gifukenjinkai.org.br\/21expo\/wp-json\/wp\/v2\/comments?post=2132"}],"version-history":[{"count":3,"href":"https:\/\/gifukenjinkai.org.br\/21expo\/wp-json\/wp\/v2\/pages\/2132\/revisions"}],"predecessor-version":[{"id":2579,"href":"https:\/\/gifukenjinkai.org.br\/21expo\/wp-json\/wp\/v2\/pages\/2132\/revisions\/2579"}],"up":[{"embeddable":true,"href":"https:\/\/gifukenjinkai.org.br\/21expo\/wp-json\/wp\/v2\/pages\/76"}],"wp:attachment":[{"href":"https:\/\/gifukenjinkai.org.br\/21expo\/wp-json\/wp\/v2\/media?parent=2132"}],"curies":[{"name":"wp","href":"https:\/\/api.w.org\/{rel}","templated":true}]}}