{"id":2119,"date":"2025-11-09T13:01:30","date_gmt":"2025-11-09T16:01:30","guid":{"rendered":"https:\/\/gifukenjinkai.org.br\/21expo\/?page_id=2119"},"modified":"2025-11-12T12:05:47","modified_gmt":"2025-11-12T15:05:47","slug":"rosicostah","status":"publish","type":"page","link":"https:\/\/gifukenjinkai.org.br\/21expo\/artist\/rosicostah\/","title":{"rendered":"ROSI COSTAH (\u30db\u30b8\uff65\u30b3\u30b9\u30bf)"},"content":{"rendered":"\n<h2 class=\"wp-block-heading\">ROSI COSTAH<br>(\u30db\u30b8\uff65\u30b3\u30b9\u30bf)<\/h2>\n\n\n\n<p class=\"has-text-align-right\" style=\"font-size:16px\"> <a href=\"https:\/\/www.instagram.com\/rosicostahartesvisuais\" target=\"_blank\" rel=\"noreferrer noopener\">rosicostahartesvisuais<\/a><\/p>\n\n\n\n<p>Forma\u00e7\u00e3o superior em pedagogia e artes visuais, p\u00f3s gradua\u00e7\u00e3o em arteeduca\u00e7\u00e3o. <br>Trabalhou em orienta\u00e7\u00e3o em pintura, desenho, texturas em tela por vinte anos em ateli\u00ea livre. <br>Participou de exposi\u00e7\u00f5es em v\u00e1rios estados do Brasil, com aprova\u00e7\u00e3o em editais municipais em Galeria Victor Kursancew em Joinville, MAB (Museu de arte de Blumenau) em Blumenau e Galeria Nello Nuno em Ouro Preto. <br>Participou de resid\u00eancias art\u00edsticas, Blackartbrazil e NEFA (N\u00facleo de estudos em fotografia e arte). <br>Continua seus estudos e pesquisas em aulas, quest\u00f5es art\u00edsticas com Professor Oscar Dambr\u00f3sio em S\u00e3o Paulo e Impossibilidade de esgotamento com Kamila Nunes em Florian\u00f3polis.<\/p>\n\n\n\n<div style=\"height:64px\" aria-hidden=\"true\" class=\"wp-block-spacer\"><\/div>\n\n\n<ul class=\"wp-block-latest-posts__list is-grid columns-3 wp-block-latest-posts\"><li><div class=\"wp-block-latest-posts__featured-image\"><a href=\"https:\/\/gifukenjinkai.org.br\/21expo\/artist-mz\/rosicostah\/notitle\/\" aria-label=\"(sem t\u00edtulo) (\u7121\u984c)\"><img loading=\"lazy\" decoding=\"async\" width=\"150\" height=\"150\" src=\"https:\/\/gifukenjinkai.org.br\/wp_expo\/wp-content\/uploads\/expo2025_sq480_RosiCostah_1_NoTitle-150x150.png\" class=\"attachment-thumbnail size-thumbnail wp-post-image\" alt=\"\" style=\"\" srcset=\"https:\/\/gifukenjinkai.org.br\/wp_expo\/wp-content\/uploads\/expo2025_sq480_RosiCostah_1_NoTitle-150x150.png 150w, https:\/\/gifukenjinkai.org.br\/wp_expo\/wp-content\/uploads\/expo2025_sq480_RosiCostah_1_NoTitle-300x300.png 300w, https:\/\/gifukenjinkai.org.br\/wp_expo\/wp-content\/uploads\/expo2025_sq480_RosiCostah_1_NoTitle.png 480w\" sizes=\"auto, (max-width: 150px) 100vw, 150px\" \/><\/a><\/div><a class=\"wp-block-latest-posts__post-title\" href=\"https:\/\/gifukenjinkai.org.br\/21expo\/artist-mz\/rosicostah\/notitle\/\">(sem t\u00edtulo) (\u7121\u984c)<\/a><\/li>\n<\/ul>\n\n\n<p><\/p>\n\n\n\n<p><\/p>\n","protected":false},"excerpt":{"rendered":"<p>ROSI COSTAH(\u30db\u30b8\uff65\u30b3\u30b9\u30bf) rosicostahartesvisuais Forma\u00e7\u00e3o superior em pedagogia e artes visuais, p\u00f3s gradua\u00e7\u00e3o em arteeduca\u00e7\u00e3o. Trabalhou em orienta\u00e7\u00e3o em pintura, desenho, [&hellip;]<\/p>\n","protected":false},"author":5,"featured_media":0,"parent":76,"menu_order":0,"comment_status":"closed","ping_status":"closed","template":"","meta":{"_uag_custom_page_level_css":"","site-sidebar-layout":"default","site-content-layout":"","ast-site-content-layout":"default","site-content-style":"default","site-sidebar-style":"default","ast-global-header-display":"","ast-banner-title-visibility":"","ast-main-header-display":"","ast-hfb-above-header-display":"","ast-hfb-below-header-display":"","ast-hfb-mobile-header-display":"","site-post-title":"disabled","ast-breadcrumbs-content":"","ast-featured-img":"disabled","footer-sml-layout":"","ast-disable-related-posts":"","theme-transparent-header-meta":"","adv-header-id-meta":"","stick-header-meta":"","header-above-stick-meta":"","header-main-stick-meta":"","header-below-stick-meta":"","astra-migrate-meta-layouts":"default","ast-page-background-enabled":"default","ast-page-background-meta":{"desktop":{"background-color":"var(--ast-global-color-4)","background-image":"","background-repeat":"repeat","background-position":"center center","background-size":"auto","background-attachment":"scroll","background-type":"","background-media":"","overlay-type":"","overlay-color":"","overlay-opacity":"","overlay-gradient":""},"tablet":{"background-color":"","background-image":"","background-repeat":"repeat","background-position":"center center","background-size":"auto","background-attachment":"scroll","background-type":"","background-media":"","overlay-type":"","overlay-color":"","overlay-opacity":"","overlay-gradient":""},"mobile":{"background-color":"","background-image":"","background-repeat":"repeat","background-position":"center center","background-size":"auto","background-attachment":"scroll","background-type":"","background-media":"","overlay-type":"","overlay-color":"","overlay-opacity":"","overlay-gradient":""}},"ast-content-background-meta":{"desktop":{"background-color":"var(--ast-global-color-5)","background-image":"","background-repeat":"repeat","background-position":"center center","background-size":"auto","background-attachment":"scroll","background-type":"","background-media":"","overlay-type":"","overlay-color":"","overlay-opacity":"","overlay-gradient":""},"tablet":{"background-color":"var(--ast-global-color-5)","background-image":"","background-repeat":"repeat","background-position":"center center","background-size":"auto","background-attachment":"scroll","background-type":"","background-media":"","overlay-type":"","overlay-color":"","overlay-opacity":"","overlay-gradient":""},"mobile":{"background-color":"var(--ast-global-color-5)","background-image":"","background-repeat":"repeat","background-position":"center center","background-size":"auto","background-attachment":"scroll","background-type":"","background-media":"","overlay-type":"","overlay-color":"","overlay-opacity":"","overlay-gradient":""}},"footnotes":""},"class_list":["post-2119","page","type-page","status-publish","hentry"],"uagb_featured_image_src":{"full":false,"thumbnail":false,"medium":false,"medium_large":false,"large":false,"1536x1536":false,"2048x2048":false},"uagb_author_info":{"display_name":"mty","author_link":"https:\/\/gifukenjinkai.org.br\/21expo\/author\/mty\/"},"uagb_comment_info":0,"uagb_excerpt":"ROSI COSTAH(\u30db\u30b8\uff65\u30b3\u30b9\u30bf) rosicostahartesvisuais Forma\u00e7\u00e3o superior em pedagogia e artes visuais, p\u00f3s gradua\u00e7\u00e3o em arteeduca\u00e7\u00e3o. Trabalhou em orienta\u00e7\u00e3o em pintura, desenho, [&hellip;]","_links":{"self":[{"href":"https:\/\/gifukenjinkai.org.br\/21expo\/wp-json\/wp\/v2\/pages\/2119","targetHints":{"allow":["GET"]}}],"collection":[{"href":"https:\/\/gifukenjinkai.org.br\/21expo\/wp-json\/wp\/v2\/pages"}],"about":[{"href":"https:\/\/gifukenjinkai.org.br\/21expo\/wp-json\/wp\/v2\/types\/page"}],"author":[{"embeddable":true,"href":"https:\/\/gifukenjinkai.org.br\/21expo\/wp-json\/wp\/v2\/users\/5"}],"replies":[{"embeddable":true,"href":"https:\/\/gifukenjinkai.org.br\/21expo\/wp-json\/wp\/v2\/comments?post=2119"}],"version-history":[{"count":3,"href":"https:\/\/gifukenjinkai.org.br\/21expo\/wp-json\/wp\/v2\/pages\/2119\/revisions"}],"predecessor-version":[{"id":2571,"href":"https:\/\/gifukenjinkai.org.br\/21expo\/wp-json\/wp\/v2\/pages\/2119\/revisions\/2571"}],"up":[{"embeddable":true,"href":"https:\/\/gifukenjinkai.org.br\/21expo\/wp-json\/wp\/v2\/pages\/76"}],"wp:attachment":[{"href":"https:\/\/gifukenjinkai.org.br\/21expo\/wp-json\/wp\/v2\/media?parent=2119"}],"curies":[{"name":"wp","href":"https:\/\/api.w.org\/{rel}","templated":true}]}}