{"id":2101,"date":"2025-11-09T12:46:06","date_gmt":"2025-11-09T15:46:06","guid":{"rendered":"https:\/\/gifukenjinkai.org.br\/21expo\/?page_id=2101"},"modified":"2025-11-12T08:21:41","modified_gmt":"2025-11-12T11:21:41","slug":"marcelalopes","status":"publish","type":"page","link":"https:\/\/gifukenjinkai.org.br\/21expo\/artist\/marcelalopes\/","title":{"rendered":"MARCELA LOPES (\u30de\u30eb\u30bb\u30e9\uff65\u30ed\u30da\u30b9)"},"content":{"rendered":"\n<h2 class=\"wp-block-heading\">MARCELA LOPES<br>(\u30de\u30eb\u30bb\u30e9\uff65\u30ed\u30da\u30b9)<\/h2>\n\n\n\n<p class=\"has-text-align-right\"> <a href=\"https:\/\/www.instagram.com\/por_marcela\" target=\"_blank\" rel=\"noreferrer noopener\">por_marcela<\/a><br> <a href=\"https:\/\/www.canva.com\/design\/DAG0OE9axLs\/L9_855wWqsznjnIe3ZuoEQ\/view?utm_content=DAG0OE9axLs&amp;utm_campaign=designshare&amp;utm_medium=link2&amp;utm_source=uniquelinks&amp;utlId=h3b992adc0f\" target=\"_blank\" rel=\"noreferrer noopener\">Link para portfolio<\/a><\/p>\n\n\n\n<p>Marcela Lopes (Cuiab\u00e1-MT, 1978) \u00e9 artista plastica e curadora. Suas obras transitam entre pintura e objeto. Combina acr\u00edlica fluida, couro up-cycle, chapas transparentes de acr\u00edlico e materiais descartados para investigar a \u00e1gua como mem\u00f3ria, afeto e pot\u00eancia de futuro nos biomas Cerrado, Pantanal e Amaz\u00f4nia.<br>Em 25 anos de trajet\u00f3ria, exp\u00f4s no Palazzo Albrizzi (Veneza) e no Museu Nacional da Rep\u00fablica (Bras\u00edlia). Assinou a curadoria da fachada \u201cMem\u00f3rias da \u00c1gua\u201d na CASACOR-MT 2024. Suas obras integram acervos no Brasil, EUA e Europa.<\/p>\n\n\n\n<div style=\"height:64px\" aria-hidden=\"true\" class=\"wp-block-spacer\"><\/div>\n\n\n<ul class=\"wp-block-latest-posts__list is-grid columns-3 wp-block-latest-posts\"><li><div class=\"wp-block-latest-posts__featured-image\"><a href=\"https:\/\/gifukenjinkai.org.br\/21expo\/artist-mz\/marcelolopes\/veiosferteis\/\" aria-label=\"Veios F\u00e9rteis\"><img loading=\"lazy\" decoding=\"async\" width=\"150\" height=\"150\" src=\"https:\/\/gifukenjinkai.org.br\/wp_expo\/wp-content\/uploads\/expo2025_sq480_MarcelaLopes_1_VeiosFerteis-150x150.png\" class=\"attachment-thumbnail size-thumbnail wp-post-image\" alt=\"\" style=\"\" srcset=\"https:\/\/gifukenjinkai.org.br\/wp_expo\/wp-content\/uploads\/expo2025_sq480_MarcelaLopes_1_VeiosFerteis-150x150.png 150w, https:\/\/gifukenjinkai.org.br\/wp_expo\/wp-content\/uploads\/expo2025_sq480_MarcelaLopes_1_VeiosFerteis-300x300.png 300w, https:\/\/gifukenjinkai.org.br\/wp_expo\/wp-content\/uploads\/expo2025_sq480_MarcelaLopes_1_VeiosFerteis.png 480w\" sizes=\"auto, (max-width: 150px) 100vw, 150px\" \/><\/a><\/div><a class=\"wp-block-latest-posts__post-title\" href=\"https:\/\/gifukenjinkai.org.br\/21expo\/artist-mz\/marcelolopes\/veiosferteis\/\">Veios F\u00e9rteis<\/a><\/li>\n<li><div class=\"wp-block-latest-posts__featured-image\"><a href=\"https:\/\/gifukenjinkai.org.br\/21expo\/artist-mz\/marcelolopes\/manancialsecreto\/\" aria-label=\"Manancial secreto\"><img loading=\"lazy\" decoding=\"async\" width=\"150\" height=\"150\" src=\"https:\/\/gifukenjinkai.org.br\/wp_expo\/wp-content\/uploads\/expo2025_sq480_MarcelaLopes_2_Manancialsecreto-150x150.png\" class=\"attachment-thumbnail size-thumbnail wp-post-image\" alt=\"\" style=\"\" srcset=\"https:\/\/gifukenjinkai.org.br\/wp_expo\/wp-content\/uploads\/expo2025_sq480_MarcelaLopes_2_Manancialsecreto-150x150.png 150w, https:\/\/gifukenjinkai.org.br\/wp_expo\/wp-content\/uploads\/expo2025_sq480_MarcelaLopes_2_Manancialsecreto-300x300.png 300w, https:\/\/gifukenjinkai.org.br\/wp_expo\/wp-content\/uploads\/expo2025_sq480_MarcelaLopes_2_Manancialsecreto.png 480w\" sizes=\"auto, (max-width: 150px) 100vw, 150px\" \/><\/a><\/div><a class=\"wp-block-latest-posts__post-title\" href=\"https:\/\/gifukenjinkai.org.br\/21expo\/artist-mz\/marcelolopes\/manancialsecreto\/\">Manancial secreto<\/a><\/li>\n<\/ul>\n\n\n<p><\/p>\n","protected":false},"excerpt":{"rendered":"<p>MARCELA LOPES(\u30de\u30eb\u30bb\u30e9\uff65\u30ed\u30da\u30b9) por_marcela Link para portfolio Marcela Lopes (Cuiab\u00e1-MT, 1978) \u00e9 artista plastica e curadora. Suas obras transitam entre pintura [&hellip;]<\/p>\n","protected":false},"author":5,"featured_media":0,"parent":76,"menu_order":0,"comment_status":"closed","ping_status":"closed","template":"","meta":{"_uag_custom_page_level_css":"","site-sidebar-layout":"default","site-content-layout":"","ast-site-content-layout":"default","site-content-style":"default","site-sidebar-style":"default","ast-global-header-display":"","ast-banner-title-visibility":"","ast-main-header-display":"","ast-hfb-above-header-display":"","ast-hfb-below-header-display":"","ast-hfb-mobile-header-display":"","site-post-title":"disabled","ast-breadcrumbs-content":"","ast-featured-img":"disabled","footer-sml-layout":"","ast-disable-related-posts":"","theme-transparent-header-meta":"","adv-header-id-meta":"","stick-header-meta":"","header-above-stick-meta":"","header-main-stick-meta":"","header-below-stick-meta":"","astra-migrate-meta-layouts":"default","ast-page-background-enabled":"default","ast-page-background-meta":{"desktop":{"background-color":"var(--ast-global-color-4)","background-image":"","background-repeat":"repeat","background-position":"center center","background-size":"auto","background-attachment":"scroll","background-type":"","background-media":"","overlay-type":"","overlay-color":"","overlay-opacity":"","overlay-gradient":""},"tablet":{"background-color":"","background-image":"","background-repeat":"repeat","background-position":"center center","background-size":"auto","background-attachment":"scroll","background-type":"","background-media":"","overlay-type":"","overlay-color":"","overlay-opacity":"","overlay-gradient":""},"mobile":{"background-color":"","background-image":"","background-repeat":"repeat","background-position":"center center","background-size":"auto","background-attachment":"scroll","background-type":"","background-media":"","overlay-type":"","overlay-color":"","overlay-opacity":"","overlay-gradient":""}},"ast-content-background-meta":{"desktop":{"background-color":"var(--ast-global-color-5)","background-image":"","background-repeat":"repeat","background-position":"center center","background-size":"auto","background-attachment":"scroll","background-type":"","background-media":"","overlay-type":"","overlay-color":"","overlay-opacity":"","overlay-gradient":""},"tablet":{"background-color":"var(--ast-global-color-5)","background-image":"","background-repeat":"repeat","background-position":"center center","background-size":"auto","background-attachment":"scroll","background-type":"","background-media":"","overlay-type":"","overlay-color":"","overlay-opacity":"","overlay-gradient":""},"mobile":{"background-color":"var(--ast-global-color-5)","background-image":"","background-repeat":"repeat","background-position":"center center","background-size":"auto","background-attachment":"scroll","background-type":"","background-media":"","overlay-type":"","overlay-color":"","overlay-opacity":"","overlay-gradient":""}},"footnotes":""},"class_list":["post-2101","page","type-page","status-publish","hentry"],"uagb_featured_image_src":{"full":false,"thumbnail":false,"medium":false,"medium_large":false,"large":false,"1536x1536":false,"2048x2048":false},"uagb_author_info":{"display_name":"mty","author_link":"https:\/\/gifukenjinkai.org.br\/21expo\/author\/mty\/"},"uagb_comment_info":0,"uagb_excerpt":"MARCELA LOPES(\u30de\u30eb\u30bb\u30e9\uff65\u30ed\u30da\u30b9) por_marcela Link para portfolio Marcela Lopes (Cuiab\u00e1-MT, 1978) \u00e9 artista plastica e curadora. Suas obras transitam entre pintura [&hellip;]","_links":{"self":[{"href":"https:\/\/gifukenjinkai.org.br\/21expo\/wp-json\/wp\/v2\/pages\/2101","targetHints":{"allow":["GET"]}}],"collection":[{"href":"https:\/\/gifukenjinkai.org.br\/21expo\/wp-json\/wp\/v2\/pages"}],"about":[{"href":"https:\/\/gifukenjinkai.org.br\/21expo\/wp-json\/wp\/v2\/types\/page"}],"author":[{"embeddable":true,"href":"https:\/\/gifukenjinkai.org.br\/21expo\/wp-json\/wp\/v2\/users\/5"}],"replies":[{"embeddable":true,"href":"https:\/\/gifukenjinkai.org.br\/21expo\/wp-json\/wp\/v2\/comments?post=2101"}],"version-history":[{"count":4,"href":"https:\/\/gifukenjinkai.org.br\/21expo\/wp-json\/wp\/v2\/pages\/2101\/revisions"}],"predecessor-version":[{"id":2559,"href":"https:\/\/gifukenjinkai.org.br\/21expo\/wp-json\/wp\/v2\/pages\/2101\/revisions\/2559"}],"up":[{"embeddable":true,"href":"https:\/\/gifukenjinkai.org.br\/21expo\/wp-json\/wp\/v2\/pages\/76"}],"wp:attachment":[{"href":"https:\/\/gifukenjinkai.org.br\/21expo\/wp-json\/wp\/v2\/media?parent=2101"}],"curies":[{"name":"wp","href":"https:\/\/api.w.org\/{rel}","templated":true}]}}