{"id":2067,"date":"2025-11-09T12:16:35","date_gmt":"2025-11-09T15:16:35","guid":{"rendered":"https:\/\/gifukenjinkai.org.br\/21expo\/?page_id=2067"},"modified":"2025-11-11T11:07:49","modified_gmt":"2025-11-11T14:07:49","slug":"elianeconsalter","status":"publish","type":"page","link":"https:\/\/gifukenjinkai.org.br\/21expo\/artist\/elianeconsalter\/","title":{"rendered":"ELIANE CONSALTER (\u30a8\u30ea\u30a2\u30cd\uff65\u30b3\u30f3\u30b5\u30eb\u30c6\u30eb)"},"content":{"rendered":"\n<h2 class=\"wp-block-heading\">ELIANE CONSALTER<br>(\u30a8\u30ea\u30a2\u30cd\uff65\u30b3\u30f3\u30b5\u30eb\u30c6\u30eb)<\/h2>\n\n\n\n<p class=\"has-text-align-right\"> <a href=\"https:\/\/www.instagram.com\/elianeconsalterart\" data-type=\"link\" data-id=\"https:\/\/www.instagram.com\/anatrevisanart\" target=\"_blank\" rel=\"noreferrer noopener\">elianeconsalterart<\/a><\/p>\n\n\n\n<p>Eliane Consalter, Corn\u00e9lio Proc\u00f3pio, Pr. Ainda menina mudamos para Londrina, PR, onde morei por muitos anos. Passo a morar em S\u00e3o Paulo, SP, a partir de 2007.<br>Minha obra atravessa fotografia, pintura e instala\u00e7\u00e3o em um processo permanente de revisitar o tempo. Reencontro imagens anal\u00f3gicas feitas a mais de vinte anos, corto telas, inscrevo suturas e ru\u00eddos, tudo \u00e9 luz, corpo, aus\u00eancia, presen\u00e7a e mem\u00f3ria.<br>Nesta s\u00e9rie, Ru\u00eddo e Ru\u00edna, \u00e9 como se fosse uma cartografia emocional das cidades em colapso, onde paredes guardam ecos do que j\u00e1 foi e ressoam com as pulsa\u00e7\u00f5es do que ainda persiste. As pinturas funcionam como camadas arqueol\u00f3gicas de cor, revelando um tempo comprimido, em que passado e presente coexistem na mesma superf\u00edcie. N\u00e3o h\u00e1 come\u00e7o nem fim, apenas a vibra\u00e7\u00e3o cont\u00ednua de uma mat\u00e9ria que se transforma.<br><br>Experi\u00eancia profissional<br>Desde 2023 &#8211; Mentoria com o Curador, cr\u00edtico de arte e jornalista, Oscar D\u2019Ambrosio.<br>2020 &#8211; Curso livre com Sergio Firguerman.<br>2000 &#8211; UEL, Universidade Estadual de Londrina, PR, P\u00f3s-Gradua\u00e7\u00e3o em Fotografia.<br>1980 &#8211; Faculdade Santa Marcelina, S\u00e3o Paulo, SP, Gradua\u00e7\u00e3o em Artes Pl\u00e1sticas.<br>!978 &#8211; UEL, Universidade de Londrina, PR, Licenciatura em Educa\u00e7\u00e3o Art\u00edstica.<br><br>Principais exposi\u00e7\u00f5es coletivas<br>2024 &#8211; Galeria Laco, Ocean Week, Memorial da Am\u00earica Latina, S\u00e3o Paulo, SP.<br>2023 &#8211; XXXV Sal\u00e3o de Artes de Arceburgo, MG.<br>2000 &#8211; Museu de Arte de Londrina , PR, Exposi\u00e7\u00e3o &#8220;Brasil 500 anos&#8221;<br>1999 &#8211; Ateli\u00ea Semana de 22.<\/p>\n\n\n\n<div style=\"height:64px\" aria-hidden=\"true\" class=\"wp-block-spacer\"><\/div>\n\n\n<ul class=\"wp-block-latest-posts__list is-grid columns-3 wp-block-latest-posts\"><li><div class=\"wp-block-latest-posts__featured-image\"><a href=\"https:\/\/gifukenjinkai.org.br\/21expo\/artist-al\/elianeconsalter\/oxidacaodoamanha\/\" aria-label=\"Oxida\u00e7\u00e3o do Amanh\u00e3\"><img loading=\"lazy\" decoding=\"async\" width=\"150\" height=\"150\" src=\"https:\/\/gifukenjinkai.org.br\/wp_expo\/wp-content\/uploads\/expo2025_sq480_ElianeConsalter_2_OxidacaoDoAmanha-150x150.png\" class=\"attachment-thumbnail size-thumbnail wp-post-image\" alt=\"\" style=\"\" srcset=\"https:\/\/gifukenjinkai.org.br\/wp_expo\/wp-content\/uploads\/expo2025_sq480_ElianeConsalter_2_OxidacaoDoAmanha-150x150.png 150w, https:\/\/gifukenjinkai.org.br\/wp_expo\/wp-content\/uploads\/expo2025_sq480_ElianeConsalter_2_OxidacaoDoAmanha-300x300.png 300w, https:\/\/gifukenjinkai.org.br\/wp_expo\/wp-content\/uploads\/expo2025_sq480_ElianeConsalter_2_OxidacaoDoAmanha.png 480w\" sizes=\"auto, (max-width: 150px) 100vw, 150px\" \/><\/a><\/div><a class=\"wp-block-latest-posts__post-title\" href=\"https:\/\/gifukenjinkai.org.br\/21expo\/artist-al\/elianeconsalter\/oxidacaodoamanha\/\">Oxida\u00e7\u00e3o do Amanh\u00e3<\/a><\/li>\n<li><div class=\"wp-block-latest-posts__featured-image\"><a href=\"https:\/\/gifukenjinkai.org.br\/21expo\/artist-al\/elianeconsalter\/cidadesuspensa\/\" aria-label=\"Cidade Suspensa\"><img loading=\"lazy\" decoding=\"async\" width=\"150\" height=\"150\" src=\"https:\/\/gifukenjinkai.org.br\/wp_expo\/wp-content\/uploads\/expo2025_sq480_ElianeConsalter_1_CidadeSuspensa-150x150.png\" class=\"attachment-thumbnail size-thumbnail wp-post-image\" alt=\"\" style=\"\" srcset=\"https:\/\/gifukenjinkai.org.br\/wp_expo\/wp-content\/uploads\/expo2025_sq480_ElianeConsalter_1_CidadeSuspensa-150x150.png 150w, https:\/\/gifukenjinkai.org.br\/wp_expo\/wp-content\/uploads\/expo2025_sq480_ElianeConsalter_1_CidadeSuspensa-300x300.png 300w, https:\/\/gifukenjinkai.org.br\/wp_expo\/wp-content\/uploads\/expo2025_sq480_ElianeConsalter_1_CidadeSuspensa.png 480w\" sizes=\"auto, (max-width: 150px) 100vw, 150px\" \/><\/a><\/div><a class=\"wp-block-latest-posts__post-title\" href=\"https:\/\/gifukenjinkai.org.br\/21expo\/artist-al\/elianeconsalter\/cidadesuspensa\/\">Cidade Suspensa<\/a><\/li>\n<\/ul>\n\n\n<p><\/p>\n","protected":false},"excerpt":{"rendered":"<p>ELIANE CONSALTER(\u30a8\u30ea\u30a2\u30cd\uff65\u30b3\u30f3\u30b5\u30eb\u30c6\u30eb) elianeconsalterart Eliane Consalter, Corn\u00e9lio Proc\u00f3pio, Pr. Ainda menina mudamos para Londrina, PR, onde morei por muitos anos. Passo [&hellip;]<\/p>\n","protected":false},"author":5,"featured_media":0,"parent":76,"menu_order":0,"comment_status":"closed","ping_status":"closed","template":"","meta":{"_uag_custom_page_level_css":"","site-sidebar-layout":"default","site-content-layout":"","ast-site-content-layout":"default","site-content-style":"default","site-sidebar-style":"default","ast-global-header-display":"","ast-banner-title-visibility":"","ast-main-header-display":"","ast-hfb-above-header-display":"","ast-hfb-below-header-display":"","ast-hfb-mobile-header-display":"","site-post-title":"disabled","ast-breadcrumbs-content":"","ast-featured-img":"disabled","footer-sml-layout":"","ast-disable-related-posts":"","theme-transparent-header-meta":"","adv-header-id-meta":"","stick-header-meta":"","header-above-stick-meta":"","header-main-stick-meta":"","header-below-stick-meta":"","astra-migrate-meta-layouts":"default","ast-page-background-enabled":"default","ast-page-background-meta":{"desktop":{"background-color":"var(--ast-global-color-4)","background-image":"","background-repeat":"repeat","background-position":"center center","background-size":"auto","background-attachment":"scroll","background-type":"","background-media":"","overlay-type":"","overlay-color":"","overlay-opacity":"","overlay-gradient":""},"tablet":{"background-color":"","background-image":"","background-repeat":"repeat","background-position":"center center","background-size":"auto","background-attachment":"scroll","background-type":"","background-media":"","overlay-type":"","overlay-color":"","overlay-opacity":"","overlay-gradient":""},"mobile":{"background-color":"","background-image":"","background-repeat":"repeat","background-position":"center center","background-size":"auto","background-attachment":"scroll","background-type":"","background-media":"","overlay-type":"","overlay-color":"","overlay-opacity":"","overlay-gradient":""}},"ast-content-background-meta":{"desktop":{"background-color":"var(--ast-global-color-5)","background-image":"","background-repeat":"repeat","background-position":"center center","background-size":"auto","background-attachment":"scroll","background-type":"","background-media":"","overlay-type":"","overlay-color":"","overlay-opacity":"","overlay-gradient":""},"tablet":{"background-color":"var(--ast-global-color-5)","background-image":"","background-repeat":"repeat","background-position":"center center","background-size":"auto","background-attachment":"scroll","background-type":"","background-media":"","overlay-type":"","overlay-color":"","overlay-opacity":"","overlay-gradient":""},"mobile":{"background-color":"var(--ast-global-color-5)","background-image":"","background-repeat":"repeat","background-position":"center center","background-size":"auto","background-attachment":"scroll","background-type":"","background-media":"","overlay-type":"","overlay-color":"","overlay-opacity":"","overlay-gradient":""}},"footnotes":""},"class_list":["post-2067","page","type-page","status-publish","hentry"],"uagb_featured_image_src":{"full":false,"thumbnail":false,"medium":false,"medium_large":false,"large":false,"1536x1536":false,"2048x2048":false},"uagb_author_info":{"display_name":"mty","author_link":"https:\/\/gifukenjinkai.org.br\/21expo\/author\/mty\/"},"uagb_comment_info":0,"uagb_excerpt":"ELIANE CONSALTER(\u30a8\u30ea\u30a2\u30cd\uff65\u30b3\u30f3\u30b5\u30eb\u30c6\u30eb) elianeconsalterart Eliane Consalter, Corn\u00e9lio Proc\u00f3pio, Pr. Ainda menina mudamos para Londrina, PR, onde morei por muitos anos. Passo [&hellip;]","_links":{"self":[{"href":"https:\/\/gifukenjinkai.org.br\/21expo\/wp-json\/wp\/v2\/pages\/2067","targetHints":{"allow":["GET"]}}],"collection":[{"href":"https:\/\/gifukenjinkai.org.br\/21expo\/wp-json\/wp\/v2\/pages"}],"about":[{"href":"https:\/\/gifukenjinkai.org.br\/21expo\/wp-json\/wp\/v2\/types\/page"}],"author":[{"embeddable":true,"href":"https:\/\/gifukenjinkai.org.br\/21expo\/wp-json\/wp\/v2\/users\/5"}],"replies":[{"embeddable":true,"href":"https:\/\/gifukenjinkai.org.br\/21expo\/wp-json\/wp\/v2\/comments?post=2067"}],"version-history":[{"count":3,"href":"https:\/\/gifukenjinkai.org.br\/21expo\/wp-json\/wp\/v2\/pages\/2067\/revisions"}],"predecessor-version":[{"id":2511,"href":"https:\/\/gifukenjinkai.org.br\/21expo\/wp-json\/wp\/v2\/pages\/2067\/revisions\/2511"}],"up":[{"embeddable":true,"href":"https:\/\/gifukenjinkai.org.br\/21expo\/wp-json\/wp\/v2\/pages\/76"}],"wp:attachment":[{"href":"https:\/\/gifukenjinkai.org.br\/21expo\/wp-json\/wp\/v2\/media?parent=2067"}],"curies":[{"name":"wp","href":"https:\/\/api.w.org\/{rel}","templated":true}]}}