{"id":2060,"date":"2025-11-09T12:09:57","date_gmt":"2025-11-09T15:09:57","guid":{"rendered":"https:\/\/gifukenjinkai.org.br\/21expo\/?page_id=2060"},"modified":"2025-11-11T11:41:33","modified_gmt":"2025-11-11T14:41:33","slug":"crismarcos","status":"publish","type":"page","link":"https:\/\/gifukenjinkai.org.br\/21expo\/artist\/crismarcos\/","title":{"rendered":"CRIS MARCOS (\u30af\u30ea\u30b9\uff65\u30de\u30eb\u30b3\u30b9)"},"content":{"rendered":"\n<h2 class=\"wp-block-heading\">CRIS MARCOS<br>(\u30af\u30ea\u30b9\uff65\u30de\u30eb\u30b3\u30b9)<\/h2>\n\n\n\n<p class=\"has-text-align-right\" style=\"font-size:16px\"> <a href=\"https:\/\/www.instagram.com\/crismarcos.arte.ceramicaterrae\" data-type=\"link\" data-id=\"https:\/\/www.instagram.com\/anatrevisanart\" target=\"_blank\" rel=\"noreferrer noopener\">crismarcos.arte.ceramicaterrae<\/a><\/p>\n\n\n\n<p>Cris Marcos, (Cristiane Marcos Teixeira), S\u00e3o Paulo, SP (1969). Vivo e trabalho em S\u00e3o Paulo, SP<br>Minha pr\u00e1tica art\u00edstica parte da cer\u00e2mica e se expande por experimenta\u00e7\u00f5es com argila \u00famida, corantes minerais e impress\u00f5es sobre papel \u2014 processo que denomino ARGILOTIPIA. A t\u00e9cnica tensiona os limites entre escultura e imagem, incorporando fogo, umidade e press\u00e3o como agentes de transforma\u00e7\u00e3o. Investigo formas naturais e seus desdobramentos simb\u00f3licos para abordar temas como ancestralidade, etarismo, feminino e quest\u00f5es socioculturais.<br><br>Premia\u00e7\u00f5es:<br>\u20222025: Pr\u00eamio Bronze 4\u00ba. Sal\u00e3o Ceramistas do Brasil Expo de Arte<br>\u20222023: Pr\u00eamio DESTAQUE Exposi\u00e7\u00e3o de Artes da 48\u00aa. Semana de Portinari, Obra \u201cA Rara\u201d, Museu Casa de Portinari, Brodowski, SP<br><br>Exposi\u00e7\u00f5es \/ Projetos Individuais:<br>\u20222024: \u201cAs duas Faces de Exu\u201d, projeto de minha autoria selecionado para Bienal Black 2024, 3 obras pr\u00f3prias e 105 obras de artistas colaboradores. Projeto, chamada e sele\u00e7\u00e3o de artistas, expografia da instala\u00e7\u00e3o: Cris Marcos, Cidade das Artes, RJ<br>\u20222020: \u201cAlma Brasileira em Cores e Barro\u201d, Individual Teatro D, S\u00e3o Paulo SP<br><br>Exposi\u00e7\u00f5es Internacionais Coletivas:<br>\u20222023: Exposi\u00e7\u00e3o Internacional \u201cImperfeita 1.3\u201d, 284Gallery, Lisboa, Portugal<br><br>Principais Exposi\u00e7\u00f5es Coletivas:<br>\u20222025: 4\u00ba Sal\u00e3o Ceramistas do Brasil, Pr\u00eamio Bronze<br>\u20222025: Exposi\u00e7\u00e3o Itinerante Sistema Solar, Espa\u00e7o Cultural Sesc, Rondon\u00f3polis, MT<br>\u20222024: Selecionada para Paralela EIXO Arte Contempor\u00e2nea, set.2024 a nov.2024, Niter\u00f3i, RJ<br>\u20222024: Exposi\u00e7\u00e3o \u201cArte oce\u00e2nica\u201d, C\u00e1tedra UNESCO, LACO (laborat\u00f3rio de Arte e Ci\u00eancia Oce\u00e2nica d IOUSP Instituto Oceanogr\u00e1fico da USP), 2024, Memorial Am\u00e9rica Latina, S\u00e3o Paulo, SP<br>\u20222023: Pr\u00eamio DESTAQUE, Exposi\u00e7\u00e3o de Artes da 48\u00aa. Semana de Portinari, Obra \u201cA Rara\u201d, Museu Casa de Portinari, Brodowski, SP<br><br>Obras em Acervos:<br>\u2022Acervo Permanente no Museu Hist\u00f3rico Dr. Renato Cordeiro, Prefeitura Municipal de Birigui, SP<\/p>\n\n\n\n<div style=\"height:64px\" aria-hidden=\"true\" class=\"wp-block-spacer\"><\/div>\n\n\n<ul class=\"wp-block-latest-posts__list is-grid columns-3 wp-block-latest-posts\"><li><div class=\"wp-block-latest-posts__featured-image\"><a href=\"https:\/\/gifukenjinkai.org.br\/21expo\/artist-al\/crismarcos\/notitlesl0001\/\" aria-label=\"(sem t\u00edtulo) (\u7121\u984c) (SL0001)\"><img loading=\"lazy\" decoding=\"async\" width=\"150\" height=\"150\" src=\"https:\/\/gifukenjinkai.org.br\/wp_expo\/wp-content\/uploads\/expo2025_sq480_CrisMarcos_1_NoTitle-150x150.png\" class=\"attachment-thumbnail size-thumbnail wp-post-image\" alt=\"\" style=\"\" srcset=\"https:\/\/gifukenjinkai.org.br\/wp_expo\/wp-content\/uploads\/expo2025_sq480_CrisMarcos_1_NoTitle-150x150.png 150w, https:\/\/gifukenjinkai.org.br\/wp_expo\/wp-content\/uploads\/expo2025_sq480_CrisMarcos_1_NoTitle-300x300.png 300w, https:\/\/gifukenjinkai.org.br\/wp_expo\/wp-content\/uploads\/expo2025_sq480_CrisMarcos_1_NoTitle.png 480w\" sizes=\"auto, (max-width: 150px) 100vw, 150px\" \/><\/a><\/div><a class=\"wp-block-latest-posts__post-title\" href=\"https:\/\/gifukenjinkai.org.br\/21expo\/artist-al\/crismarcos\/notitlesl0001\/\">(sem t\u00edtulo) (\u7121\u984c) (SL0001)<\/a><\/li>\n<\/ul>\n\n\n<p><\/p>\n","protected":false},"excerpt":{"rendered":"<p>CRIS MARCOS(\u30af\u30ea\u30b9\uff65\u30de\u30eb\u30b3\u30b9) crismarcos.arte.ceramicaterrae Cris Marcos, (Cristiane Marcos Teixeira), S\u00e3o Paulo, SP (1969). Vivo e trabalho em S\u00e3o Paulo, SPMinha pr\u00e1tica [&hellip;]<\/p>\n","protected":false},"author":5,"featured_media":0,"parent":76,"menu_order":0,"comment_status":"closed","ping_status":"closed","template":"","meta":{"_uag_custom_page_level_css":"","site-sidebar-layout":"default","site-content-layout":"","ast-site-content-layout":"default","site-content-style":"default","site-sidebar-style":"default","ast-global-header-display":"","ast-banner-title-visibility":"","ast-main-header-display":"","ast-hfb-above-header-display":"","ast-hfb-below-header-display":"","ast-hfb-mobile-header-display":"","site-post-title":"disabled","ast-breadcrumbs-content":"","ast-featured-img":"","footer-sml-layout":"","ast-disable-related-posts":"","theme-transparent-header-meta":"","adv-header-id-meta":"","stick-header-meta":"","header-above-stick-meta":"","header-main-stick-meta":"","header-below-stick-meta":"","astra-migrate-meta-layouts":"default","ast-page-background-enabled":"default","ast-page-background-meta":{"desktop":{"background-color":"var(--ast-global-color-4)","background-image":"","background-repeat":"repeat","background-position":"center center","background-size":"auto","background-attachment":"scroll","background-type":"","background-media":"","overlay-type":"","overlay-color":"","overlay-opacity":"","overlay-gradient":""},"tablet":{"background-color":"","background-image":"","background-repeat":"repeat","background-position":"center center","background-size":"auto","background-attachment":"scroll","background-type":"","background-media":"","overlay-type":"","overlay-color":"","overlay-opacity":"","overlay-gradient":""},"mobile":{"background-color":"","background-image":"","background-repeat":"repeat","background-position":"center center","background-size":"auto","background-attachment":"scroll","background-type":"","background-media":"","overlay-type":"","overlay-color":"","overlay-opacity":"","overlay-gradient":""}},"ast-content-background-meta":{"desktop":{"background-color":"var(--ast-global-color-5)","background-image":"","background-repeat":"repeat","background-position":"center center","background-size":"auto","background-attachment":"scroll","background-type":"","background-media":"","overlay-type":"","overlay-color":"","overlay-opacity":"","overlay-gradient":""},"tablet":{"background-color":"var(--ast-global-color-5)","background-image":"","background-repeat":"repeat","background-position":"center center","background-size":"auto","background-attachment":"scroll","background-type":"","background-media":"","overlay-type":"","overlay-color":"","overlay-opacity":"","overlay-gradient":""},"mobile":{"background-color":"var(--ast-global-color-5)","background-image":"","background-repeat":"repeat","background-position":"center center","background-size":"auto","background-attachment":"scroll","background-type":"","background-media":"","overlay-type":"","overlay-color":"","overlay-opacity":"","overlay-gradient":""}},"footnotes":""},"class_list":["post-2060","page","type-page","status-publish","hentry"],"uagb_featured_image_src":{"full":false,"thumbnail":false,"medium":false,"medium_large":false,"large":false,"1536x1536":false,"2048x2048":false},"uagb_author_info":{"display_name":"mty","author_link":"https:\/\/gifukenjinkai.org.br\/21expo\/author\/mty\/"},"uagb_comment_info":0,"uagb_excerpt":"CRIS MARCOS(\u30af\u30ea\u30b9\uff65\u30de\u30eb\u30b3\u30b9) crismarcos.arte.ceramicaterrae Cris Marcos, (Cristiane Marcos Teixeira), S\u00e3o Paulo, SP (1969). Vivo e trabalho em S\u00e3o Paulo, SPMinha pr\u00e1tica [&hellip;]","_links":{"self":[{"href":"https:\/\/gifukenjinkai.org.br\/21expo\/wp-json\/wp\/v2\/pages\/2060","targetHints":{"allow":["GET"]}}],"collection":[{"href":"https:\/\/gifukenjinkai.org.br\/21expo\/wp-json\/wp\/v2\/pages"}],"about":[{"href":"https:\/\/gifukenjinkai.org.br\/21expo\/wp-json\/wp\/v2\/types\/page"}],"author":[{"embeddable":true,"href":"https:\/\/gifukenjinkai.org.br\/21expo\/wp-json\/wp\/v2\/users\/5"}],"replies":[{"embeddable":true,"href":"https:\/\/gifukenjinkai.org.br\/21expo\/wp-json\/wp\/v2\/comments?post=2060"}],"version-history":[{"count":4,"href":"https:\/\/gifukenjinkai.org.br\/21expo\/wp-json\/wp\/v2\/pages\/2060\/revisions"}],"predecessor-version":[{"id":2534,"href":"https:\/\/gifukenjinkai.org.br\/21expo\/wp-json\/wp\/v2\/pages\/2060\/revisions\/2534"}],"up":[{"embeddable":true,"href":"https:\/\/gifukenjinkai.org.br\/21expo\/wp-json\/wp\/v2\/pages\/76"}],"wp:attachment":[{"href":"https:\/\/gifukenjinkai.org.br\/21expo\/wp-json\/wp\/v2\/media?parent=2060"}],"curies":[{"name":"wp","href":"https:\/\/api.w.org\/{rel}","templated":true}]}}