{"id":2039,"date":"2025-11-09T11:45:42","date_gmt":"2025-11-09T14:45:42","guid":{"rendered":"https:\/\/gifukenjinkai.org.br\/21expo\/?page_id=2039"},"modified":"2025-11-11T09:53:23","modified_gmt":"2025-11-11T12:53:23","slug":"brunobrandao","status":"publish","type":"page","link":"https:\/\/gifukenjinkai.org.br\/21expo\/artist\/brunobrandao\/","title":{"rendered":"BRUNO BRAND\u00c3O (\u30d6\u30eb\u30ce\uff65\u30d6\u30e9\u30f3\u30c0\u30a5\u30f3)"},"content":{"rendered":"\n<h2 class=\"wp-block-heading\">BRUNO BRAND\u00c3O<br>(\u30d6\u30eb\u30ce\uff65\u30d6\u30e9\u30f3\u30c0\u30a5\u30f3)<\/h2>\n\n\n\n<p class=\"has-text-align-right\" style=\"font-size:16px\"> <a href=\"https:\/\/www.instagram.com\/bruno_brandao\" data-type=\"link\" data-id=\"https:\/\/www.instagram.com\/anatrevisanart\" target=\"_blank\" rel=\"noreferrer noopener\">bruno_brandao<\/a><\/p>\n\n\n<p>Bruno Brand\u00e3o \u00e9 ceramista h\u00e1 dez anos e hoje \u00e9 professor de cer\u00e2mica criativa na FUNDACC, em Caraguatatuba. <br \/>Nascido em Minas Gerais, vive em S\u00e3o Sebasti\u00e3o, SP.<br \/>Estudou cer\u00e2mica em Belo Horizonte e atualmente \u00e9 acad\u00eamico de Artes Visuais.<\/p>\n\n\n<div style=\"height:64px\" aria-hidden=\"true\" class=\"wp-block-spacer\"><\/div>\n\n\n<ul class=\"wp-block-latest-posts__list is-grid columns-3 wp-block-latest-posts\"><li><div class=\"wp-block-latest-posts__featured-image\"><a href=\"https:\/\/gifukenjinkai.org.br\/21expo\/artist-al\/brunobrandao\/fartura2\/\" aria-label=\"Fartura #2\"><img loading=\"lazy\" decoding=\"async\" width=\"150\" height=\"150\" src=\"https:\/\/gifukenjinkai.org.br\/wp_expo\/wp-content\/uploads\/expo2025_sq480_BrunoBrandao_2_Fartura2_v2-150x150.png\" class=\"attachment-thumbnail size-thumbnail wp-post-image\" alt=\"\" style=\"\" srcset=\"https:\/\/gifukenjinkai.org.br\/wp_expo\/wp-content\/uploads\/expo2025_sq480_BrunoBrandao_2_Fartura2_v2-150x150.png 150w, https:\/\/gifukenjinkai.org.br\/wp_expo\/wp-content\/uploads\/expo2025_sq480_BrunoBrandao_2_Fartura2_v2-300x300.png 300w, https:\/\/gifukenjinkai.org.br\/wp_expo\/wp-content\/uploads\/expo2025_sq480_BrunoBrandao_2_Fartura2_v2.png 480w\" sizes=\"auto, (max-width: 150px) 100vw, 150px\" \/><\/a><\/div><a class=\"wp-block-latest-posts__post-title\" href=\"https:\/\/gifukenjinkai.org.br\/21expo\/artist-al\/brunobrandao\/fartura2\/\">Fartura #2<\/a><\/li>\n<li><div class=\"wp-block-latest-posts__featured-image\"><a href=\"https:\/\/gifukenjinkai.org.br\/21expo\/artist-al\/brunobrandao\/fartura1\/\" aria-label=\"Fartura #1\"><img loading=\"lazy\" decoding=\"async\" width=\"150\" height=\"150\" src=\"https:\/\/gifukenjinkai.org.br\/wp_expo\/wp-content\/uploads\/expo2025_sq480_BrunoBrandao_1_Fartura1_v2-150x150.png\" class=\"attachment-thumbnail size-thumbnail wp-post-image\" alt=\"\" style=\"\" srcset=\"https:\/\/gifukenjinkai.org.br\/wp_expo\/wp-content\/uploads\/expo2025_sq480_BrunoBrandao_1_Fartura1_v2-150x150.png 150w, https:\/\/gifukenjinkai.org.br\/wp_expo\/wp-content\/uploads\/expo2025_sq480_BrunoBrandao_1_Fartura1_v2-300x300.png 300w, https:\/\/gifukenjinkai.org.br\/wp_expo\/wp-content\/uploads\/expo2025_sq480_BrunoBrandao_1_Fartura1_v2.png 480w\" sizes=\"auto, (max-width: 150px) 100vw, 150px\" \/><\/a><\/div><a class=\"wp-block-latest-posts__post-title\" href=\"https:\/\/gifukenjinkai.org.br\/21expo\/artist-al\/brunobrandao\/fartura1\/\">Fartura #1<\/a><\/li>\n<\/ul>\n\n\n<p><\/p>\n","protected":false},"excerpt":{"rendered":"<p>BRUNO BRAND\u00c3O(\u30d6\u30eb\u30ce\uff65\u30d6\u30e9\u30f3\u30c0\u30a5\u30f3) bruno_brandao Bruno Brand\u00e3o \u00e9 ceramista h\u00e1 dez anos e hoje \u00e9 professor de cer\u00e2mica criativa na FUNDACC, em [&hellip;]<\/p>\n","protected":false},"author":5,"featured_media":0,"parent":76,"menu_order":0,"comment_status":"closed","ping_status":"closed","template":"","meta":{"_uag_custom_page_level_css":"","site-sidebar-layout":"default","site-content-layout":"","ast-site-content-layout":"default","site-content-style":"default","site-sidebar-style":"default","ast-global-header-display":"","ast-banner-title-visibility":"","ast-main-header-display":"","ast-hfb-above-header-display":"","ast-hfb-below-header-display":"","ast-hfb-mobile-header-display":"","site-post-title":"disabled","ast-breadcrumbs-content":"","ast-featured-img":"","footer-sml-layout":"","ast-disable-related-posts":"","theme-transparent-header-meta":"","adv-header-id-meta":"","stick-header-meta":"","header-above-stick-meta":"","header-main-stick-meta":"","header-below-stick-meta":"","astra-migrate-meta-layouts":"default","ast-page-background-enabled":"default","ast-page-background-meta":{"desktop":{"background-color":"var(--ast-global-color-4)","background-image":"","background-repeat":"repeat","background-position":"center center","background-size":"auto","background-attachment":"scroll","background-type":"","background-media":"","overlay-type":"","overlay-color":"","overlay-opacity":"","overlay-gradient":""},"tablet":{"background-color":"","background-image":"","background-repeat":"repeat","background-position":"center center","background-size":"auto","background-attachment":"scroll","background-type":"","background-media":"","overlay-type":"","overlay-color":"","overlay-opacity":"","overlay-gradient":""},"mobile":{"background-color":"","background-image":"","background-repeat":"repeat","background-position":"center center","background-size":"auto","background-attachment":"scroll","background-type":"","background-media":"","overlay-type":"","overlay-color":"","overlay-opacity":"","overlay-gradient":""}},"ast-content-background-meta":{"desktop":{"background-color":"var(--ast-global-color-5)","background-image":"","background-repeat":"repeat","background-position":"center center","background-size":"auto","background-attachment":"scroll","background-type":"","background-media":"","overlay-type":"","overlay-color":"","overlay-opacity":"","overlay-gradient":""},"tablet":{"background-color":"var(--ast-global-color-5)","background-image":"","background-repeat":"repeat","background-position":"center center","background-size":"auto","background-attachment":"scroll","background-type":"","background-media":"","overlay-type":"","overlay-color":"","overlay-opacity":"","overlay-gradient":""},"mobile":{"background-color":"var(--ast-global-color-5)","background-image":"","background-repeat":"repeat","background-position":"center center","background-size":"auto","background-attachment":"scroll","background-type":"","background-media":"","overlay-type":"","overlay-color":"","overlay-opacity":"","overlay-gradient":""}},"footnotes":""},"class_list":["post-2039","page","type-page","status-publish","hentry"],"uagb_featured_image_src":{"full":false,"thumbnail":false,"medium":false,"medium_large":false,"large":false,"1536x1536":false,"2048x2048":false},"uagb_author_info":{"display_name":"mty","author_link":"https:\/\/gifukenjinkai.org.br\/21expo\/author\/mty\/"},"uagb_comment_info":0,"uagb_excerpt":"BRUNO BRAND\u00c3O(\u30d6\u30eb\u30ce\uff65\u30d6\u30e9\u30f3\u30c0\u30a5\u30f3) bruno_brandao Bruno Brand\u00e3o \u00e9 ceramista h\u00e1 dez anos e hoje \u00e9 professor de cer\u00e2mica criativa na FUNDACC, em [&hellip;]","_links":{"self":[{"href":"https:\/\/gifukenjinkai.org.br\/21expo\/wp-json\/wp\/v2\/pages\/2039","targetHints":{"allow":["GET"]}}],"collection":[{"href":"https:\/\/gifukenjinkai.org.br\/21expo\/wp-json\/wp\/v2\/pages"}],"about":[{"href":"https:\/\/gifukenjinkai.org.br\/21expo\/wp-json\/wp\/v2\/types\/page"}],"author":[{"embeddable":true,"href":"https:\/\/gifukenjinkai.org.br\/21expo\/wp-json\/wp\/v2\/users\/5"}],"replies":[{"embeddable":true,"href":"https:\/\/gifukenjinkai.org.br\/21expo\/wp-json\/wp\/v2\/comments?post=2039"}],"version-history":[{"count":4,"href":"https:\/\/gifukenjinkai.org.br\/21expo\/wp-json\/wp\/v2\/pages\/2039\/revisions"}],"predecessor-version":[{"id":2484,"href":"https:\/\/gifukenjinkai.org.br\/21expo\/wp-json\/wp\/v2\/pages\/2039\/revisions\/2484"}],"up":[{"embeddable":true,"href":"https:\/\/gifukenjinkai.org.br\/21expo\/wp-json\/wp\/v2\/pages\/76"}],"wp:attachment":[{"href":"https:\/\/gifukenjinkai.org.br\/21expo\/wp-json\/wp\/v2\/media?parent=2039"}],"curies":[{"name":"wp","href":"https:\/\/api.w.org\/{rel}","templated":true}]}}