{"id":2031,"date":"2025-11-09T11:58:18","date_gmt":"2025-11-09T14:58:18","guid":{"rendered":"https:\/\/gifukenjinkai.org.br\/21expo\/?page_id=2031"},"modified":"2025-11-11T09:39:26","modified_gmt":"2025-11-11T12:39:26","slug":"andreaolivas","status":"publish","type":"page","link":"https:\/\/gifukenjinkai.org.br\/21expo\/artist\/andreaolivas\/","title":{"rendered":"ANDR\u00c9A OLIVAS (\u30a2\u30f3\u30c9\u30ec\u30a2\uff65\u30aa\u30ea\u30f4\u30a1\u30b9)"},"content":{"rendered":"\n<h2 class=\"wp-block-heading\">ANDR\u00c9A OLIVAS<br>(\u30a2\u30f3\u30c9\u30ec\u30a2\uff65\u30aa\u30ea\u30f4\u30a1\u30b9)<\/h2>\n\n\n\n<p class=\"has-text-align-right\" style=\"font-size:16px\"> <a href=\"https:\/\/www.instagram.com\/andreaolivas.art\" target=\"_blank\" rel=\"noreferrer noopener\">andreaolivas.art<\/a><\/p>\n\n\n<p>Como artista visual, investiga a rela\u00e7\u00e3o entre arte, cidade e sensibilidade urbana, utilizando t\u00e9cnicas livres com uso de ink, nanquim, marcador, colagem, aquarela l\u00edquida e artes digitais.<br \/>Suas obras dialogam entre o gesto espont\u00e2neo e a geometria construtiva, transformando mem\u00f3rias e experi\u00eancias em express\u00f5es visuais.<br \/>Premiada com Medalha de Prata no Sal\u00e3o Cidade de S\u00e3o Paulo da Associa\u00e7\u00e3o Paulista de Belas Artes (2025) e Men\u00e7\u00e3o Honrosa no Sal\u00e3o de Arte Vida (2022), participou de exposi\u00e7\u00f5es coletivas como a Mostra de Arte Vin\u00edcola XV de Novembro (2022\u20132025) em S\u00e3o Roque e o Sal\u00e3o de Arte Vida no Centro Brasileiro Brit\u00e2nico, em S\u00e3o Paulo.<br \/>outora e mestre em Engenharia Urbana, arquiteta e urbanista, integra em sua produ\u00e7\u00e3o a pesquisa acad\u00eamica e a pr\u00e1tica art\u00edstica.<\/p>\n\n\n<div style=\"height:64px\" aria-hidden=\"true\" class=\"wp-block-spacer\"><\/div>\n\n\n<ul class=\"wp-block-latest-posts__list is-grid columns-3 wp-block-latest-posts\"><li><div class=\"wp-block-latest-posts__featured-image\"><a href=\"https:\/\/gifukenjinkai.org.br\/21expo\/artist-al\/andreaolivas\/fragmentosmondrianos\/\" aria-label=\"Fragmentos Mondrianos\"><img loading=\"lazy\" decoding=\"async\" width=\"150\" height=\"150\" src=\"https:\/\/gifukenjinkai.org.br\/wp_expo\/wp-content\/uploads\/expo2025_sq480_AndreaOlivas_1_FragmentosMondrianos_v2-150x150.png\" class=\"attachment-thumbnail size-thumbnail wp-post-image\" alt=\"\" style=\"\" srcset=\"https:\/\/gifukenjinkai.org.br\/wp_expo\/wp-content\/uploads\/expo2025_sq480_AndreaOlivas_1_FragmentosMondrianos_v2-150x150.png 150w, https:\/\/gifukenjinkai.org.br\/wp_expo\/wp-content\/uploads\/expo2025_sq480_AndreaOlivas_1_FragmentosMondrianos_v2-300x300.png 300w, https:\/\/gifukenjinkai.org.br\/wp_expo\/wp-content\/uploads\/expo2025_sq480_AndreaOlivas_1_FragmentosMondrianos_v2.png 480w\" sizes=\"auto, (max-width: 150px) 100vw, 150px\" \/><\/a><\/div><a class=\"wp-block-latest-posts__post-title\" href=\"https:\/\/gifukenjinkai.org.br\/21expo\/artist-al\/andreaolivas\/fragmentosmondrianos\/\">Fragmentos Mondrianos<\/a><\/li>\n<\/ul>\n\n\n<p><\/p>\n","protected":false},"excerpt":{"rendered":"<p>ANDR\u00c9A OLIVAS(\u30a2\u30f3\u30c9\u30ec\u30a2\uff65\u30aa\u30ea\u30f4\u30a1\u30b9) andreaolivas.art Como artista visual, investiga a rela\u00e7\u00e3o entre arte, cidade e sensibilidade urbana, utilizando t\u00e9cnicas livres com uso [&hellip;]<\/p>\n","protected":false},"author":5,"featured_media":0,"parent":76,"menu_order":0,"comment_status":"closed","ping_status":"closed","template":"","meta":{"_uag_custom_page_level_css":"","site-sidebar-layout":"default","site-content-layout":"","ast-site-content-layout":"default","site-content-style":"default","site-sidebar-style":"default","ast-global-header-display":"","ast-banner-title-visibility":"","ast-main-header-display":"","ast-hfb-above-header-display":"","ast-hfb-below-header-display":"","ast-hfb-mobile-header-display":"","site-post-title":"disabled","ast-breadcrumbs-content":"","ast-featured-img":"","footer-sml-layout":"","ast-disable-related-posts":"","theme-transparent-header-meta":"","adv-header-id-meta":"","stick-header-meta":"","header-above-stick-meta":"","header-main-stick-meta":"","header-below-stick-meta":"","astra-migrate-meta-layouts":"default","ast-page-background-enabled":"default","ast-page-background-meta":{"desktop":{"background-color":"var(--ast-global-color-4)","background-image":"","background-repeat":"repeat","background-position":"center center","background-size":"auto","background-attachment":"scroll","background-type":"","background-media":"","overlay-type":"","overlay-color":"","overlay-opacity":"","overlay-gradient":""},"tablet":{"background-color":"","background-image":"","background-repeat":"repeat","background-position":"center center","background-size":"auto","background-attachment":"scroll","background-type":"","background-media":"","overlay-type":"","overlay-color":"","overlay-opacity":"","overlay-gradient":""},"mobile":{"background-color":"","background-image":"","background-repeat":"repeat","background-position":"center center","background-size":"auto","background-attachment":"scroll","background-type":"","background-media":"","overlay-type":"","overlay-color":"","overlay-opacity":"","overlay-gradient":""}},"ast-content-background-meta":{"desktop":{"background-color":"var(--ast-global-color-5)","background-image":"","background-repeat":"repeat","background-position":"center center","background-size":"auto","background-attachment":"scroll","background-type":"","background-media":"","overlay-type":"","overlay-color":"","overlay-opacity":"","overlay-gradient":""},"tablet":{"background-color":"var(--ast-global-color-5)","background-image":"","background-repeat":"repeat","background-position":"center center","background-size":"auto","background-attachment":"scroll","background-type":"","background-media":"","overlay-type":"","overlay-color":"","overlay-opacity":"","overlay-gradient":""},"mobile":{"background-color":"var(--ast-global-color-5)","background-image":"","background-repeat":"repeat","background-position":"center center","background-size":"auto","background-attachment":"scroll","background-type":"","background-media":"","overlay-type":"","overlay-color":"","overlay-opacity":"","overlay-gradient":""}},"footnotes":""},"class_list":["post-2031","page","type-page","status-publish","hentry"],"uagb_featured_image_src":{"full":false,"thumbnail":false,"medium":false,"medium_large":false,"large":false,"1536x1536":false,"2048x2048":false},"uagb_author_info":{"display_name":"mty","author_link":"https:\/\/gifukenjinkai.org.br\/21expo\/author\/mty\/"},"uagb_comment_info":0,"uagb_excerpt":"ANDR\u00c9A OLIVAS(\u30a2\u30f3\u30c9\u30ec\u30a2\uff65\u30aa\u30ea\u30f4\u30a1\u30b9) andreaolivas.art Como artista visual, investiga a rela\u00e7\u00e3o entre arte, cidade e sensibilidade urbana, utilizando t\u00e9cnicas livres com uso [&hellip;]","_links":{"self":[{"href":"https:\/\/gifukenjinkai.org.br\/21expo\/wp-json\/wp\/v2\/pages\/2031","targetHints":{"allow":["GET"]}}],"collection":[{"href":"https:\/\/gifukenjinkai.org.br\/21expo\/wp-json\/wp\/v2\/pages"}],"about":[{"href":"https:\/\/gifukenjinkai.org.br\/21expo\/wp-json\/wp\/v2\/types\/page"}],"author":[{"embeddable":true,"href":"https:\/\/gifukenjinkai.org.br\/21expo\/wp-json\/wp\/v2\/users\/5"}],"replies":[{"embeddable":true,"href":"https:\/\/gifukenjinkai.org.br\/21expo\/wp-json\/wp\/v2\/comments?post=2031"}],"version-history":[{"count":8,"href":"https:\/\/gifukenjinkai.org.br\/21expo\/wp-json\/wp\/v2\/pages\/2031\/revisions"}],"predecessor-version":[{"id":2473,"href":"https:\/\/gifukenjinkai.org.br\/21expo\/wp-json\/wp\/v2\/pages\/2031\/revisions\/2473"}],"up":[{"embeddable":true,"href":"https:\/\/gifukenjinkai.org.br\/21expo\/wp-json\/wp\/v2\/pages\/76"}],"wp:attachment":[{"href":"https:\/\/gifukenjinkai.org.br\/21expo\/wp-json\/wp\/v2\/media?parent=2031"}],"curies":[{"name":"wp","href":"https:\/\/api.w.org\/{rel}","templated":true}]}}