{"id":135,"date":"2025-11-09T12:51:10","date_gmt":"2025-11-09T15:51:10","guid":{"rendered":"https:\/\/gifukenjinkai.org.br\/20expo\/?page_id=135"},"modified":"2025-11-12T12:59:51","modified_gmt":"2025-11-12T15:59:51","slug":"marcosryo","status":"publish","type":"page","link":"https:\/\/gifukenjinkai.org.br\/21expo\/artist\/marcosryo\/","title":{"rendered":"MARCOS RYO (\u30de\u30eb\u30b3\u30b9\uff65\u4eae)"},"content":{"rendered":"\n<h2 class=\"wp-block-heading\">MARCOS RYO<br>(\u30de\u30eb\u30b3\u30b9\uff65\u4eae)<\/h2>\n\n\n\n<p class=\"has-text-align-right\"> <a href=\"https:\/\/www.instagram.com\/marcos_ryo\" target=\"_blank\" rel=\"noreferrer noopener\">marcos_ryo<\/a><\/p>\n\n\n\n\n\n\n\n<p>Artista visual, \u00e9 produtor, pesquisador, professor universit\u00e1rio, artista pl\u00e1stico e tatuador. Membro da comiss\u00e3o de artes pl\u00e1sticas do Bunkyo, e membro da comiss\u00e3o de artes da exposi\u00e7\u00e3o de interc\u00e2mbio nipo-brasileiro do Gifu Kenjinkai do Brasil e Consulado Geral do Jap\u00e3o em S\u00e3o Paulo. Transita do abstracionismo geom\u00e9trico ao figurativo. <br>Seus trabalhos se apropriam do conceito de upcycle art; utiliza a materialidade do videotape para produzir quadros e pain\u00e9is, ressignificando assim a continuidade da exist\u00eancia deste material e das mem\u00f3rias nelas contidas.<br>A s\u00e9rie mais recente, traz um pouco de uma est\u00e9tica da ru\u00edna, fazendo remiss\u00e3o uma narrativa sobre perman\u00eancia\/exist\u00eancia, a res\u00edduos culturais e fragmenta\u00e7\u00e3o das mem\u00f3rias. Evoca uma cosmologia h\u00edbrida, onde mito, natureza e tecnologia obsoleta se encontram.<\/p>\n\n\n\n<div style=\"height:64px\" aria-hidden=\"true\" id=\"jp\" class=\"wp-block-spacer\"><\/div>\n\n\n\n<p>\u30d3\u30b8\u30e5\u30a2\u30eb\u30a2\u30fc\u30c6\u30a3\u30b9\u30c8\u3067\u3042\u308a\u3001\u30d7\u30ed\u30c7\u30e5\u30fc\u30b5\u30fc\u3001\u7814\u7a76\u8005\u3001\u5927\u5b66\u8b1b\u5e2b\u3001\u9020\u5f62\u82b8\u8853\u30a2\u30fc\u30c6\u30a3\u30b9\u30c8\u3001\u30bf\u30c8\u30a5\u30fc\u30a2\u30fc\u30c6\u30a4\u30b9\u30c8\u3067\u3082\u3042\u308b\u3002<br>\u30d6\u30e9\u30b8\u30eb\u65e5\u672c\u6587\u5316\u798f\u7949\u5354\u4f1a\uff08\u6587\u5354\uff09\u7f8e\u8853\u59d4\u54e1\u4f1a\u59d4\u54e1\u3001\u30d6\u30e9\u30b8\u30eb\u5c90\u961c\u770c\u4eba\u4f1a\u30fb\u5728\u30b5\u30f3\u30d1\u30a6\u30ed\u65e5\u672c\u56fd\u7dcf\u9818\u4e8b\u9928\u5171\u50ac\u306e\u65e5\u4f2f\u53cb\u60c5\u4ea4\u6d41\u7d75\u753b\u5c55\u5b9f\u884c\u59d4\u54e1\u3092\u52d9\u3081\u3066\u3044\u308b\u3002<br>\u4f5c\u54c1\u306f\u56f3\u5f62\u306e\u62bd\u8c61\u7684\u306a\u306e\u3082\u306e\u304b\u3089\u5177\u8c61\u7684\u306a\u3082\u306e\u307e\u3067\u5e45\u5e83\u3044\u3002 \u30a2\u30c3\u30d7\u30b5\u30a4\u30af\u30eb\u30a2\u30fc\u30c8(upcycle art)\u3068\u3044\u3046\u30b3\u30f3\u30bb\u30d7\u30c8\u3067VHS\u30d3\u30c7\u30aa\u30c6\u30fc\u30d7\u306e\u7269\u8cea\u6027\u3092\u5229\u7528\u3057\u7d75\u753b\u3084\u30d1\u30cd\u30eb\u3092\u5236\u4f5c\u3001\u30c6\u30fc\u30d7\u306e\u5b58\u5728\u305d\u306e\u3082\u306e\u3068\u305d\u308c\u306b\u8a18\u9332\u3055\u308c\u3066\u3044\u308b\u601d\u3044\u51fa\u306b\u65b0\u305f\u306a\u610f\u5473\u3092\u4e0e\u3048\u308b\u3002<br>\u6700\u65b0\u306e\u30b3\u30ec\u30af\u30b7\u30e7\u30f3\u3067\u306f\u3001\u6b8b\u9ab8\u306e\u7f8e\u5b66\u3092\u308f\u305a\u304b\u306b\u7528\u3044\u308c\u3001\u6c38\u7d9a\u3068\u5b58\u5728\u3001\u6587\u5316\u306e\u6b8b\u7269\u3001\u8a18\u61b6\u306e\u65ad\u7247\u5316\u3092\u3081\u3050\u308b\u7269\u8a9e\u3092\u63d0\u793a\u3059\u308b\u3002 \u305d\u3053\u306b\u306f\u3001\u795e\u8a71\u3068\u81ea\u7136\u3068\u6642\u4ee3\u9045\u308c\u306e\u30c6\u30af\u30ce\u30ed\u30b8\u30fc\u304c\u4ea4\u932f\u3059\u308b\u30cf\u30a4\u30d6\u30ea\u30c3\u30c9\u306a\u5275\u751f\u8ad6\u304c\u547c\u3073\u899a\u307e\u3055\u308c\u308b\u3002<\/p>\n\n\n\n<div style=\"height:0px\" aria-hidden=\"true\" id=\"jp\" class=\"wp-block-spacer\"><\/div>\n\n\n\n<div style=\"height:64px\" aria-hidden=\"true\" class=\"wp-block-spacer\"><\/div>\n\n\n<ul class=\"wp-block-latest-posts__list is-grid columns-3 wp-block-latest-posts\"><li><div class=\"wp-block-latest-posts__featured-image\"><a href=\"https:\/\/gifukenjinkai.org.br\/21expo\/artist-mz\/marcosryo\/guardiaodamemoria\/\" aria-label=\"Guardi\u00e3o da mem\u00f3ria\"><img loading=\"lazy\" decoding=\"async\" width=\"150\" height=\"150\" src=\"https:\/\/gifukenjinkai.org.br\/wp_expo\/wp-content\/uploads\/expo2025_sq480_MarcosRyo_1_GuardiaoDaMemoria-150x150.png\" class=\"attachment-thumbnail size-thumbnail wp-post-image\" alt=\"\" style=\"\" srcset=\"https:\/\/gifukenjinkai.org.br\/wp_expo\/wp-content\/uploads\/expo2025_sq480_MarcosRyo_1_GuardiaoDaMemoria-150x150.png 150w, https:\/\/gifukenjinkai.org.br\/wp_expo\/wp-content\/uploads\/expo2025_sq480_MarcosRyo_1_GuardiaoDaMemoria-300x300.png 300w, https:\/\/gifukenjinkai.org.br\/wp_expo\/wp-content\/uploads\/expo2025_sq480_MarcosRyo_1_GuardiaoDaMemoria.png 480w\" sizes=\"auto, (max-width: 150px) 100vw, 150px\" \/><\/a><\/div><a class=\"wp-block-latest-posts__post-title\" href=\"https:\/\/gifukenjinkai.org.br\/21expo\/artist-mz\/marcosryo\/guardiaodamemoria\/\">Guardi\u00e3o da mem\u00f3ria<\/a><\/li>\n<\/ul>\n\n\n<p><\/p>\n","protected":false},"excerpt":{"rendered":"<p>MARCOS RYO(\u30de\u30eb\u30b3\u30b9\uff65\u4eae) marcos_ryo Artista visual, \u00e9 produtor, pesquisador, professor universit\u00e1rio, artista pl\u00e1stico e tatuador. Membro da comiss\u00e3o de artes pl\u00e1sticas [&hellip;]<\/p>\n","protected":false},"author":3,"featured_media":0,"parent":76,"menu_order":0,"comment_status":"closed","ping_status":"closed","template":"","meta":{"_uag_custom_page_level_css":"","site-sidebar-layout":"default","site-content-layout":"","ast-site-content-layout":"default","site-content-style":"default","site-sidebar-style":"default","ast-global-header-display":"","ast-banner-title-visibility":"","ast-main-header-display":"","ast-hfb-above-header-display":"","ast-hfb-below-header-display":"","ast-hfb-mobile-header-display":"","site-post-title":"disabled","ast-breadcrumbs-content":"","ast-featured-img":"disabled","footer-sml-layout":"","ast-disable-related-posts":"","theme-transparent-header-meta":"","adv-header-id-meta":"","stick-header-meta":"","header-above-stick-meta":"","header-main-stick-meta":"","header-below-stick-meta":"","astra-migrate-meta-layouts":"default","ast-page-background-enabled":"default","ast-page-background-meta":{"desktop":{"background-color":"var(--ast-global-color-4)","background-image":"","background-repeat":"repeat","background-position":"center center","background-size":"auto","background-attachment":"scroll","background-type":"","background-media":"","overlay-type":"","overlay-color":"","overlay-opacity":"","overlay-gradient":""},"tablet":{"background-color":"","background-image":"","background-repeat":"repeat","background-position":"center center","background-size":"auto","background-attachment":"scroll","background-type":"","background-media":"","overlay-type":"","overlay-color":"","overlay-opacity":"","overlay-gradient":""},"mobile":{"background-color":"","background-image":"","background-repeat":"repeat","background-position":"center center","background-size":"auto","background-attachment":"scroll","background-type":"","background-media":"","overlay-type":"","overlay-color":"","overlay-opacity":"","overlay-gradient":""}},"ast-content-background-meta":{"desktop":{"background-color":"var(--ast-global-color-5)","background-image":"","background-repeat":"repeat","background-position":"center center","background-size":"auto","background-attachment":"scroll","background-type":"","background-media":"","overlay-type":"","overlay-color":"","overlay-opacity":"","overlay-gradient":""},"tablet":{"background-color":"var(--ast-global-color-5)","background-image":"","background-repeat":"repeat","background-position":"center center","background-size":"auto","background-attachment":"scroll","background-type":"","background-media":"","overlay-type":"","overlay-color":"","overlay-opacity":"","overlay-gradient":""},"mobile":{"background-color":"var(--ast-global-color-5)","background-image":"","background-repeat":"repeat","background-position":"center center","background-size":"auto","background-attachment":"scroll","background-type":"","background-media":"","overlay-type":"","overlay-color":"","overlay-opacity":"","overlay-gradient":""}},"footnotes":""},"class_list":["post-135","page","type-page","status-publish","hentry"],"uagb_featured_image_src":{"full":false,"thumbnail":false,"medium":false,"medium_large":false,"large":false,"1536x1536":false,"2048x2048":false},"uagb_author_info":{"display_name":"admin admin","author_link":"https:\/\/gifukenjinkai.org.br\/21expo\/author\/admin\/"},"uagb_comment_info":0,"uagb_excerpt":"MARCOS RYO(\u30de\u30eb\u30b3\u30b9\uff65\u4eae) marcos_ryo Artista visual, \u00e9 produtor, pesquisador, professor universit\u00e1rio, artista pl\u00e1stico e tatuador. Membro da comiss\u00e3o de artes pl\u00e1sticas [&hellip;]","_links":{"self":[{"href":"https:\/\/gifukenjinkai.org.br\/21expo\/wp-json\/wp\/v2\/pages\/135","targetHints":{"allow":["GET"]}}],"collection":[{"href":"https:\/\/gifukenjinkai.org.br\/21expo\/wp-json\/wp\/v2\/pages"}],"about":[{"href":"https:\/\/gifukenjinkai.org.br\/21expo\/wp-json\/wp\/v2\/types\/page"}],"author":[{"embeddable":true,"href":"https:\/\/gifukenjinkai.org.br\/21expo\/wp-json\/wp\/v2\/users\/3"}],"replies":[{"embeddable":true,"href":"https:\/\/gifukenjinkai.org.br\/21expo\/wp-json\/wp\/v2\/comments?post=135"}],"version-history":[{"count":14,"href":"https:\/\/gifukenjinkai.org.br\/21expo\/wp-json\/wp\/v2\/pages\/135\/revisions"}],"predecessor-version":[{"id":2600,"href":"https:\/\/gifukenjinkai.org.br\/21expo\/wp-json\/wp\/v2\/pages\/135\/revisions\/2600"}],"up":[{"embeddable":true,"href":"https:\/\/gifukenjinkai.org.br\/21expo\/wp-json\/wp\/v2\/pages\/76"}],"wp:attachment":[{"href":"https:\/\/gifukenjinkai.org.br\/21expo\/wp-json\/wp\/v2\/media?parent=135"}],"curies":[{"name":"wp","href":"https:\/\/api.w.org\/{rel}","templated":true}]}}